{"id":8534,"date":"2025-09-11T14:20:14","date_gmt":"2025-09-11T14:20:14","guid":{"rendered":"https:\/\/explore-pass.com\/?post_type=product&#038;p=8534"},"modified":"2025-09-12T14:19:41","modified_gmt":"2025-09-12T14:19:41","slug":"bike-tour","status":"publish","type":"product","link":"https:\/\/explore-pass.com\/es\/pass\/bike-tour\/","title":{"rendered":"<p>Bike Tour<\/p>"},"content":{"rendered":"<p data-start=\"59\" data-end=\"432\">Explora \u00c1msterdam como un lugare\u00f1o en una relajada visita guiada en bicicleta de 2 o 3 horas. Contempla lugares famosos como la Casa de Ana Frank, el Puente Delgado y la plaza Museumplein, adem\u00e1s de canales rec\u00f3nditos, patios y el barrio de Jordaan. F\u00e1cil, divertido y dirigido por un gu\u00eda experto, descubre la ciudad sobre dos ruedas.<p data-start=\"59\" data-end=\"432\">Para obtener m\u00e1s informaci\u00f3n, visite yellowbike.nl<\/p><\/p>","protected":false},"excerpt":{"rendered":"<p>Explore Amsterdam like a local on a relaxed 2- or 3-hour guided bike tour. See famous sights like the Anne Frank House, Skinny Bridge, and Museumplein, plus hidden canals, courtyards, and the Jordaan district. Easy, fun, and led by expert guide, discovering the city on two wheels. For more information, go to yellowbike.nl<\/p>","protected":false},"featured_media":8536,"template":"","meta":{"_acf_changed":false,"_monsterinsights_skip_tracking":false,"_monsterinsights_sitenote_active":false,"_monsterinsights_sitenote_note":"","_monsterinsights_sitenote_category":0},"product_cat":[26,39,37],"product_tag":[34],"class_list":{"0":"post-8534","1":"product","2":"type-product","3":"status-publish","4":"has-post-thumbnail","6":"product_cat-attraction-amsterdam-pass","7":"product_cat-family-friendly","8":"product_cat-tour","9":"product_tag-amsterdam","11":"first","12":"instock","13":"shipping-taxable","14":"product-type-simple"},"acf":[],"yoast_head":"<!-- This site is optimized with the Yoast SEO plugin v23.8 - https:\/\/yoast.com\/wordpress\/plugins\/seo\/ -->\n<title>Bike Tour - Explore Pass<\/title>\n<meta name=\"description\" content=\"Go on a bicycle sightseeing tour with a local guide, book tickets with your explore pass and discover Amsterdam on two wheels!\" \/>\n<meta name=\"robots\" content=\"index, follow, max-snippet:-1, max-image-preview:large, max-video-preview:-1\" \/>\n<link rel=\"canonical\" href=\"https:\/\/explore-pass.com\/es\/pass\/bike-tour\/\" \/>\n<meta property=\"og:locale\" content=\"es_ES\" \/>\n<meta property=\"og:type\" content=\"article\" \/>\n<meta property=\"og:title\" content=\"Bike Tour - Explore Pass\" \/>\n<meta property=\"og:description\" content=\"Go on a bicycle sightseeing tour with a local guide, book tickets with your explore pass and discover Amsterdam on two wheels!\" \/>\n<meta property=\"og:url\" content=\"https:\/\/explore-pass.com\/es\/pass\/bike-tour\/\" \/>\n<meta property=\"og:site_name\" content=\"Explore Pass\" \/>\n<meta property=\"article:modified_time\" content=\"2025-09-12T14:19:41+00:00\" \/>\n<meta property=\"og:image\" content=\"https:\/\/explore-pass.com\/wp-content\/uploads\/2025\/09\/City-2-scaled.jpg\" \/>\n\t<meta property=\"og:image:width\" content=\"2560\" \/>\n\t<meta property=\"og:image:height\" content=\"1707\" \/>\n\t<meta property=\"og:image:type\" content=\"image\/jpeg\" \/>\n<meta name=\"twitter:card\" content=\"summary_large_image\" \/>\n<meta name=\"twitter:label1\" content=\"Tiempo de lectura\" \/>\n\t<meta name=\"twitter:data1\" content=\"1 minuto\" \/>\n<script type=\"application\/ld+json\" class=\"yoast-schema-graph\">{\"@context\":\"https:\/\/schema.org\",\"@graph\":[{\"@type\":\"WebPage\",\"@id\":\"https:\/\/explore-pass.com\/pass\/bike-tour\/\",\"url\":\"https:\/\/explore-pass.com\/pass\/bike-tour\/\",\"name\":\"Bike Tour - Explore Pass\",\"isPartOf\":{\"@id\":\"https:\/\/explore-pass.com\/es\/#website\"},\"primaryImageOfPage\":{\"@id\":\"https:\/\/explore-pass.com\/pass\/bike-tour\/#primaryimage\"},\"image\":{\"@id\":\"https:\/\/explore-pass.com\/pass\/bike-tour\/#primaryimage\"},\"thumbnailUrl\":\"https:\/\/explore-pass.com\/wp-content\/uploads\/2025\/09\/City-2-scaled.jpg\",\"datePublished\":\"2025-09-11T14:20:14+00:00\",\"dateModified\":\"2025-09-12T14:19:41+00:00\",\"description\":\"Go on a bicycle sightseeing tour with a local guide, book tickets with your explore pass and discover Amsterdam on two wheels!\",\"breadcrumb\":{\"@id\":\"https:\/\/explore-pass.com\/pass\/bike-tour\/#breadcrumb\"},\"inLanguage\":\"es\",\"potentialAction\":[{\"@type\":\"ReadAction\",\"target\":[\"https:\/\/explore-pass.com\/pass\/bike-tour\/\"]}]},{\"@type\":\"ImageObject\",\"inLanguage\":\"es\",\"@id\":\"https:\/\/explore-pass.com\/pass\/bike-tour\/#primaryimage\",\"url\":\"https:\/\/explore-pass.com\/wp-content\/uploads\/2025\/09\/City-2-scaled.jpg\",\"contentUrl\":\"https:\/\/explore-pass.com\/wp-content\/uploads\/2025\/09\/City-2-scaled.jpg\",\"width\":2560,\"height\":1707},{\"@type\":\"BreadcrumbList\",\"@id\":\"https:\/\/explore-pass.com\/pass\/bike-tour\/#breadcrumb\",\"itemListElement\":[{\"@type\":\"ListItem\",\"position\":1,\"name\":\"Home\",\"item\":\"https:\/\/explore-pass.com\/en\/\"},{\"@type\":\"ListItem\",\"position\":2,\"name\":\"Shop\",\"item\":\"https:\/\/explore-pass.com\/shop\/\"},{\"@type\":\"ListItem\",\"position\":3,\"name\":\"Bike Tour\"}]},{\"@type\":\"WebSite\",\"@id\":\"https:\/\/explore-pass.com\/es\/#website\",\"url\":\"https:\/\/explore-pass.com\/es\/\",\"name\":\"Explore Pass\",\"description\":\"See the Best for Less\",\"publisher\":{\"@id\":\"https:\/\/explore-pass.com\/es\/#organization\"},\"potentialAction\":[{\"@type\":\"SearchAction\",\"target\":{\"@type\":\"EntryPoint\",\"urlTemplate\":\"https:\/\/explore-pass.com\/es\/?s={search_term_string}\"},\"query-input\":{\"@type\":\"PropertyValueSpecification\",\"valueRequired\":true,\"valueName\":\"search_term_string\"}}],\"inLanguage\":\"es\"},{\"@type\":\"Organization\",\"@id\":\"https:\/\/explore-pass.com\/es\/#organization\",\"name\":\"Explore Pass\",\"url\":\"https:\/\/explore-pass.com\/es\/\",\"logo\":{\"@type\":\"ImageObject\",\"inLanguage\":\"es\",\"@id\":\"https:\/\/explore-pass.com\/es\/#\/schema\/logo\/image\/\",\"url\":\"https:\/\/explore-pass.com\/wp-content\/uploads\/2022\/07\/Logo-black-with-background.png\",\"contentUrl\":\"https:\/\/explore-pass.com\/wp-content\/uploads\/2022\/07\/Logo-black-with-background.png\",\"width\":1340,\"height\":615,\"caption\":\"Explore Pass\"},\"image\":{\"@id\":\"https:\/\/explore-pass.com\/es\/#\/schema\/logo\/image\/\"},\"sameAs\":[\"https:\/\/www.instagram.com\/explorepassofficial\/\",\"https:\/\/www.tiktok.com\/@explorepass\"]}]}<\/script>\n<!-- \/ Yoast SEO plugin. -->","yoast_head_json":{"title":"Bike Tour - Explore Pass","description":"Go on a bicycle sightseeing tour with a local guide, book tickets with your explore pass and discover Amsterdam on two wheels!","robots":{"index":"index","follow":"follow","max-snippet":"max-snippet:-1","max-image-preview":"max-image-preview:large","max-video-preview":"max-video-preview:-1"},"canonical":"https:\/\/explore-pass.com\/es\/pass\/bike-tour\/","og_locale":"es_ES","og_type":"article","og_title":"Bike Tour - Explore Pass","og_description":"Go on a bicycle sightseeing tour with a local guide, book tickets with your explore pass and discover Amsterdam on two wheels!","og_url":"https:\/\/explore-pass.com\/es\/pass\/bike-tour\/","og_site_name":"Explore Pass","article_modified_time":"2025-09-12T14:19:41+00:00","og_image":[{"width":2560,"height":1707,"url":"https:\/\/explore-pass.com\/wp-content\/uploads\/2025\/09\/City-2-scaled.jpg","type":"image\/jpeg"}],"twitter_card":"summary_large_image","twitter_misc":{"Tiempo de lectura":"1 minuto"},"schema":{"@context":"https:\/\/schema.org","@graph":[{"@type":"WebPage","@id":"https:\/\/explore-pass.com\/pass\/bike-tour\/","url":"https:\/\/explore-pass.com\/pass\/bike-tour\/","name":"Bike Tour - Explore Pass","isPartOf":{"@id":"https:\/\/explore-pass.com\/es\/#website"},"primaryImageOfPage":{"@id":"https:\/\/explore-pass.com\/pass\/bike-tour\/#primaryimage"},"image":{"@id":"https:\/\/explore-pass.com\/pass\/bike-tour\/#primaryimage"},"thumbnailUrl":"https:\/\/explore-pass.com\/wp-content\/uploads\/2025\/09\/City-2-scaled.jpg","datePublished":"2025-09-11T14:20:14+00:00","dateModified":"2025-09-12T14:19:41+00:00","description":"Go on a bicycle sightseeing tour with a local guide, book tickets with your explore pass and discover Amsterdam on two wheels!","breadcrumb":{"@id":"https:\/\/explore-pass.com\/pass\/bike-tour\/#breadcrumb"},"inLanguage":"es","potentialAction":[{"@type":"ReadAction","target":["https:\/\/explore-pass.com\/pass\/bike-tour\/"]}]},{"@type":"ImageObject","inLanguage":"es","@id":"https:\/\/explore-pass.com\/pass\/bike-tour\/#primaryimage","url":"https:\/\/explore-pass.com\/wp-content\/uploads\/2025\/09\/City-2-scaled.jpg","contentUrl":"https:\/\/explore-pass.com\/wp-content\/uploads\/2025\/09\/City-2-scaled.jpg","width":2560,"height":1707},{"@type":"BreadcrumbList","@id":"https:\/\/explore-pass.com\/pass\/bike-tour\/#breadcrumb","itemListElement":[{"@type":"ListItem","position":1,"name":"Home","item":"https:\/\/explore-pass.com\/en\/"},{"@type":"ListItem","position":2,"name":"Shop","item":"https:\/\/explore-pass.com\/shop\/"},{"@type":"ListItem","position":3,"name":"Bike Tour"}]},{"@type":"WebSite","@id":"https:\/\/explore-pass.com\/es\/#website","url":"https:\/\/explore-pass.com\/es\/","name":"Explore Pass","description":"See the Best for Less","publisher":{"@id":"https:\/\/explore-pass.com\/es\/#organization"},"potentialAction":[{"@type":"SearchAction","target":{"@type":"EntryPoint","urlTemplate":"https:\/\/explore-pass.com\/es\/?s={search_term_string}"},"query-input":{"@type":"PropertyValueSpecification","valueRequired":true,"valueName":"search_term_string"}}],"inLanguage":"es"},{"@type":"Organization","@id":"https:\/\/explore-pass.com\/es\/#organization","name":"Explore Pass","url":"https:\/\/explore-pass.com\/es\/","logo":{"@type":"ImageObject","inLanguage":"es","@id":"https:\/\/explore-pass.com\/es\/#\/schema\/logo\/image\/","url":"https:\/\/explore-pass.com\/wp-content\/uploads\/2022\/07\/Logo-black-with-background.png","contentUrl":"https:\/\/explore-pass.com\/wp-content\/uploads\/2022\/07\/Logo-black-with-background.png","width":1340,"height":615,"caption":"Explore Pass"},"image":{"@id":"https:\/\/explore-pass.com\/es\/#\/schema\/logo\/image\/"},"sameAs":["https:\/\/www.instagram.com\/explorepassofficial\/","https:\/\/www.tiktok.com\/@explorepass"]}]}},"_links":{"self":[{"href":"https:\/\/explore-pass.com\/es\/wp-json\/wp\/v2\/product\/8534"}],"collection":[{"href":"https:\/\/explore-pass.com\/es\/wp-json\/wp\/v2\/product"}],"about":[{"href":"https:\/\/explore-pass.com\/es\/wp-json\/wp\/v2\/types\/product"}],"wp:featuredmedia":[{"embeddable":true,"href":"https:\/\/explore-pass.com\/es\/wp-json\/wp\/v2\/media\/8536"}],"wp:attachment":[{"href":"https:\/\/explore-pass.com\/es\/wp-json\/wp\/v2\/media?parent=8534"}],"wp:term":[{"taxonomy":"product_cat","embeddable":true,"href":"https:\/\/explore-pass.com\/es\/wp-json\/wp\/v2\/product_cat?post=8534"},{"taxonomy":"product_tag","embeddable":true,"href":"https:\/\/explore-pass.com\/es\/wp-json\/wp\/v2\/product_tag?post=8534"}],"curies":[{"name":"wp","href":"https:\/\/api.w.org\/{rel}","templated":true}]}}