{"id":8308,"date":"2025-06-23T08:28:59","date_gmt":"2025-06-23T08:28:59","guid":{"rendered":"https:\/\/explore-pass.com\/?post_type=product&#038;p=8308"},"modified":"2025-06-23T12:55:01","modified_gmt":"2025-06-23T12:55:01","slug":"amaze","status":"publish","type":"product","link":"https:\/\/explore-pass.com\/es\/pass\/amaze\/","title":{"rendered":"<p>Amaze<\/p>"},"content":{"rendered":"<p>\u00bfEst\u00e1s listo para experimentar el futuro del entretenimiento?<p data-start=\"92\" data-end=\"380\">Visita AMAZE Amsterdam, un viaje audiovisual inmersivo que despertar\u00e1 todos tus sentidos. Pi\u00e9rdete en siete etapas interactivas, donde las fascinantes proyecciones y el audio te har\u00e1n sentir como si estuvieras entrando en un sue\u00f1o.<\/p><p data-start=\"92\" data-end=\"380\">Para horarios de apertura e informaci\u00f3n, visita fat- <a href=\"https:\/\/www.amaze-amsterdam.com\/?r=0\" target=\"_blank\" rel=\"noopener\">amaze-amsterdam.com<\/a><\/p><\/p>","protected":false},"excerpt":{"rendered":"<p>Are you ready to experience the future of entertainment? Visit AMAZE Amsterdam, an immersive audiovisual journey that will tickle all your senses. Lose yourself in seven interactive stages, where mesmerizing projections and audio make you feel like you?re stepping inside a dream. For more information and opening hours, check their website amaze-amsterdam.com<\/p>","protected":false},"featured_media":8310,"template":"","meta":{"_acf_changed":false,"_monsterinsights_skip_tracking":false,"_monsterinsights_sitenote_active":false,"_monsterinsights_sitenote_note":"","_monsterinsights_sitenote_category":0},"product_cat":[38,26,39],"product_tag":[34],"class_list":{"0":"post-8308","1":"product","2":"type-product","3":"status-publish","4":"has-post-thumbnail","6":"product_cat-attraction","7":"product_cat-attraction-amsterdam-pass","8":"product_cat-family-friendly","9":"product_tag-amsterdam","11":"first","12":"instock","13":"shipping-taxable","14":"product-type-simple"},"acf":[],"yoast_head":"<!-- This site is optimized with the Yoast SEO plugin v23.8 - https:\/\/yoast.com\/wordpress\/plugins\/seo\/ -->\n<title>Amaze - Explore Pass<\/title>\n<meta name=\"description\" content=\"Visit AMAZE with your Explore Pass, a next-level immersive experience blending lights, sound, and the latest technology. A must visit in Amsterdam!\" \/>\n<meta name=\"robots\" content=\"index, follow, max-snippet:-1, max-image-preview:large, max-video-preview:-1\" \/>\n<link rel=\"canonical\" href=\"https:\/\/explore-pass.com\/es\/pass\/amaze\/\" \/>\n<meta property=\"og:locale\" content=\"es_ES\" \/>\n<meta property=\"og:type\" content=\"article\" \/>\n<meta property=\"og:title\" content=\"Amaze - Explore Pass\" \/>\n<meta property=\"og:description\" content=\"Visit AMAZE with your Explore Pass, a next-level immersive experience blending lights, sound, and the latest technology. A must visit in Amsterdam!\" \/>\n<meta property=\"og:url\" content=\"https:\/\/explore-pass.com\/es\/pass\/amaze\/\" \/>\n<meta property=\"og:site_name\" content=\"Explore Pass\" \/>\n<meta property=\"article:modified_time\" content=\"2025-06-23T12:55:01+00:00\" \/>\n<meta property=\"og:image\" content=\"https:\/\/explore-pass.com\/wp-content\/uploads\/2025\/02\/lowq.jpg\" \/>\n\t<meta property=\"og:image:width\" content=\"905\" \/>\n\t<meta property=\"og:image:height\" content=\"568\" \/>\n\t<meta property=\"og:image:type\" content=\"image\/jpeg\" \/>\n<meta name=\"twitter:card\" content=\"summary_large_image\" \/>\n<meta name=\"twitter:label1\" content=\"Tiempo de lectura\" \/>\n\t<meta name=\"twitter:data1\" content=\"1 minuto\" \/>\n<script type=\"application\/ld+json\" class=\"yoast-schema-graph\">{\"@context\":\"https:\/\/schema.org\",\"@graph\":[{\"@type\":\"WebPage\",\"@id\":\"https:\/\/explore-pass.com\/pass\/amaze\/\",\"url\":\"https:\/\/explore-pass.com\/pass\/amaze\/\",\"name\":\"Amaze - Explore Pass\",\"isPartOf\":{\"@id\":\"https:\/\/explore-pass.com\/es\/#website\"},\"primaryImageOfPage\":{\"@id\":\"https:\/\/explore-pass.com\/pass\/amaze\/#primaryimage\"},\"image\":{\"@id\":\"https:\/\/explore-pass.com\/pass\/amaze\/#primaryimage\"},\"thumbnailUrl\":\"https:\/\/explore-pass.com\/wp-content\/uploads\/2025\/02\/lowq.jpg\",\"datePublished\":\"2025-06-23T08:28:59+00:00\",\"dateModified\":\"2025-06-23T12:55:01+00:00\",\"description\":\"Visit AMAZE with your Explore Pass, a next-level immersive experience blending lights, sound, and the latest technology. A must visit in Amsterdam!\",\"breadcrumb\":{\"@id\":\"https:\/\/explore-pass.com\/pass\/amaze\/#breadcrumb\"},\"inLanguage\":\"es\",\"potentialAction\":[{\"@type\":\"ReadAction\",\"target\":[\"https:\/\/explore-pass.com\/pass\/amaze\/\"]}]},{\"@type\":\"ImageObject\",\"inLanguage\":\"es\",\"@id\":\"https:\/\/explore-pass.com\/pass\/amaze\/#primaryimage\",\"url\":\"https:\/\/explore-pass.com\/wp-content\/uploads\/2025\/02\/lowq.jpg\",\"contentUrl\":\"https:\/\/explore-pass.com\/wp-content\/uploads\/2025\/02\/lowq.jpg\",\"width\":905,\"height\":568},{\"@type\":\"BreadcrumbList\",\"@id\":\"https:\/\/explore-pass.com\/pass\/amaze\/#breadcrumb\",\"itemListElement\":[{\"@type\":\"ListItem\",\"position\":1,\"name\":\"Home\",\"item\":\"https:\/\/explore-pass.com\/en\/\"},{\"@type\":\"ListItem\",\"position\":2,\"name\":\"Shop\",\"item\":\"https:\/\/explore-pass.com\/shop\/\"},{\"@type\":\"ListItem\",\"position\":3,\"name\":\"Amaze\"}]},{\"@type\":\"WebSite\",\"@id\":\"https:\/\/explore-pass.com\/es\/#website\",\"url\":\"https:\/\/explore-pass.com\/es\/\",\"name\":\"Explore Pass\",\"description\":\"See the Best for Less\",\"publisher\":{\"@id\":\"https:\/\/explore-pass.com\/es\/#organization\"},\"potentialAction\":[{\"@type\":\"SearchAction\",\"target\":{\"@type\":\"EntryPoint\",\"urlTemplate\":\"https:\/\/explore-pass.com\/es\/?s={search_term_string}\"},\"query-input\":{\"@type\":\"PropertyValueSpecification\",\"valueRequired\":true,\"valueName\":\"search_term_string\"}}],\"inLanguage\":\"es\"},{\"@type\":\"Organization\",\"@id\":\"https:\/\/explore-pass.com\/es\/#organization\",\"name\":\"Explore Pass\",\"url\":\"https:\/\/explore-pass.com\/es\/\",\"logo\":{\"@type\":\"ImageObject\",\"inLanguage\":\"es\",\"@id\":\"https:\/\/explore-pass.com\/es\/#\/schema\/logo\/image\/\",\"url\":\"https:\/\/explore-pass.com\/wp-content\/uploads\/2022\/07\/Logo-black-with-background.png\",\"contentUrl\":\"https:\/\/explore-pass.com\/wp-content\/uploads\/2022\/07\/Logo-black-with-background.png\",\"width\":1340,\"height\":615,\"caption\":\"Explore Pass\"},\"image\":{\"@id\":\"https:\/\/explore-pass.com\/es\/#\/schema\/logo\/image\/\"},\"sameAs\":[\"https:\/\/www.instagram.com\/explorepassofficial\/\",\"https:\/\/www.tiktok.com\/@explorepass\"]}]}<\/script>\n<!-- \/ Yoast SEO plugin. -->","yoast_head_json":{"title":"Amaze - Explore Pass","description":"Visit AMAZE with your Explore Pass, a next-level immersive experience blending lights, sound, and the latest technology. A must visit in Amsterdam!","robots":{"index":"index","follow":"follow","max-snippet":"max-snippet:-1","max-image-preview":"max-image-preview:large","max-video-preview":"max-video-preview:-1"},"canonical":"https:\/\/explore-pass.com\/es\/pass\/amaze\/","og_locale":"es_ES","og_type":"article","og_title":"Amaze - Explore Pass","og_description":"Visit AMAZE with your Explore Pass, a next-level immersive experience blending lights, sound, and the latest technology. A must visit in Amsterdam!","og_url":"https:\/\/explore-pass.com\/es\/pass\/amaze\/","og_site_name":"Explore Pass","article_modified_time":"2025-06-23T12:55:01+00:00","og_image":[{"width":905,"height":568,"url":"https:\/\/explore-pass.com\/wp-content\/uploads\/2025\/02\/lowq.jpg","type":"image\/jpeg"}],"twitter_card":"summary_large_image","twitter_misc":{"Tiempo de lectura":"1 minuto"},"schema":{"@context":"https:\/\/schema.org","@graph":[{"@type":"WebPage","@id":"https:\/\/explore-pass.com\/pass\/amaze\/","url":"https:\/\/explore-pass.com\/pass\/amaze\/","name":"Amaze - Explore Pass","isPartOf":{"@id":"https:\/\/explore-pass.com\/es\/#website"},"primaryImageOfPage":{"@id":"https:\/\/explore-pass.com\/pass\/amaze\/#primaryimage"},"image":{"@id":"https:\/\/explore-pass.com\/pass\/amaze\/#primaryimage"},"thumbnailUrl":"https:\/\/explore-pass.com\/wp-content\/uploads\/2025\/02\/lowq.jpg","datePublished":"2025-06-23T08:28:59+00:00","dateModified":"2025-06-23T12:55:01+00:00","description":"Visit AMAZE with your Explore Pass, a next-level immersive experience blending lights, sound, and the latest technology. A must visit in Amsterdam!","breadcrumb":{"@id":"https:\/\/explore-pass.com\/pass\/amaze\/#breadcrumb"},"inLanguage":"es","potentialAction":[{"@type":"ReadAction","target":["https:\/\/explore-pass.com\/pass\/amaze\/"]}]},{"@type":"ImageObject","inLanguage":"es","@id":"https:\/\/explore-pass.com\/pass\/amaze\/#primaryimage","url":"https:\/\/explore-pass.com\/wp-content\/uploads\/2025\/02\/lowq.jpg","contentUrl":"https:\/\/explore-pass.com\/wp-content\/uploads\/2025\/02\/lowq.jpg","width":905,"height":568},{"@type":"BreadcrumbList","@id":"https:\/\/explore-pass.com\/pass\/amaze\/#breadcrumb","itemListElement":[{"@type":"ListItem","position":1,"name":"Home","item":"https:\/\/explore-pass.com\/en\/"},{"@type":"ListItem","position":2,"name":"Shop","item":"https:\/\/explore-pass.com\/shop\/"},{"@type":"ListItem","position":3,"name":"Amaze"}]},{"@type":"WebSite","@id":"https:\/\/explore-pass.com\/es\/#website","url":"https:\/\/explore-pass.com\/es\/","name":"Explore Pass","description":"See the Best for Less","publisher":{"@id":"https:\/\/explore-pass.com\/es\/#organization"},"potentialAction":[{"@type":"SearchAction","target":{"@type":"EntryPoint","urlTemplate":"https:\/\/explore-pass.com\/es\/?s={search_term_string}"},"query-input":{"@type":"PropertyValueSpecification","valueRequired":true,"valueName":"search_term_string"}}],"inLanguage":"es"},{"@type":"Organization","@id":"https:\/\/explore-pass.com\/es\/#organization","name":"Explore Pass","url":"https:\/\/explore-pass.com\/es\/","logo":{"@type":"ImageObject","inLanguage":"es","@id":"https:\/\/explore-pass.com\/es\/#\/schema\/logo\/image\/","url":"https:\/\/explore-pass.com\/wp-content\/uploads\/2022\/07\/Logo-black-with-background.png","contentUrl":"https:\/\/explore-pass.com\/wp-content\/uploads\/2022\/07\/Logo-black-with-background.png","width":1340,"height":615,"caption":"Explore Pass"},"image":{"@id":"https:\/\/explore-pass.com\/es\/#\/schema\/logo\/image\/"},"sameAs":["https:\/\/www.instagram.com\/explorepassofficial\/","https:\/\/www.tiktok.com\/@explorepass"]}]}},"_links":{"self":[{"href":"https:\/\/explore-pass.com\/es\/wp-json\/wp\/v2\/product\/8308"}],"collection":[{"href":"https:\/\/explore-pass.com\/es\/wp-json\/wp\/v2\/product"}],"about":[{"href":"https:\/\/explore-pass.com\/es\/wp-json\/wp\/v2\/types\/product"}],"wp:featuredmedia":[{"embeddable":true,"href":"https:\/\/explore-pass.com\/es\/wp-json\/wp\/v2\/media\/8310"}],"wp:attachment":[{"href":"https:\/\/explore-pass.com\/es\/wp-json\/wp\/v2\/media?parent=8308"}],"wp:term":[{"taxonomy":"product_cat","embeddable":true,"href":"https:\/\/explore-pass.com\/es\/wp-json\/wp\/v2\/product_cat?post=8308"},{"taxonomy":"product_tag","embeddable":true,"href":"https:\/\/explore-pass.com\/es\/wp-json\/wp\/v2\/product_tag?post=8308"}],"curies":[{"name":"wp","href":"https:\/\/api.w.org\/{rel}","templated":true}]}}