{"id":8304,"date":"2025-02-20T10:46:37","date_gmt":"2025-02-20T10:46:37","guid":{"rendered":"https:\/\/explore-pass.com\/?post_type=product&#038;p=8304"},"modified":"2025-12-29T13:25:28","modified_gmt":"2025-12-29T13:25:28","slug":"van-gogh-rembrandt","status":"publish","type":"product","link":"https:\/\/explore-pass.com\/es\/pass\/van-gogh-rembrandt\/","title":{"rendered":"<p>van Gogh &amp; Rembrandt in Amsterdam<\/p>"},"content":{"rendered":"<p>\u00a1Descubre a dos maestros holandeses como nunca antes! Entra en la hist\u00f3rica Noorderkerk (Iglesia del Norte) y d\u00e9jate sorprender por la historia de los dos pintores holandeses m\u00e1s famosos mientras contemplas sus obras a tu alrededor. Sum\u00e9rgete en el arte y escucha la conexi\u00f3n entre Vincent van Gogh y Rembrandt van Rijn dentro de la iglesia que ambos visitaron.<p><strong>Important:&nbsp;<\/strong>there is a Dutch and an English screening of the show.<br>\n<strong>Dutch show times: <\/strong>13:00 &amp; 15:00<br>\n<strong>English show times:<\/strong> 11:00, 12:00, 14:00, 16:00, 17:00 &amp; 18:00<\/p><p>Para horarios de apertura e informaci\u00f3n, visita <a href=\"https:\/\/vangoghinamsterdam.com\/en\" target=\"_blank\" rel=\"noopener\">vangoghinamsterdam.com<\/a><\/p><\/p>","protected":false},"excerpt":{"rendered":"<p>Discover two Dutch masters like never before! Step inside the historic Noorderkerk (Northern Church) and be amazed by the story of the two most famous Dutch painters while their art is showcased all around you. Immerse yourself in the art and listen to the connection between Vincent van Gogh and Rembrandt van Rijn inside the [&hellip;]<\/p>","protected":false},"featured_media":8305,"template":"","meta":{"_acf_changed":false,"_monsterinsights_skip_tracking":false,"_monsterinsights_sitenote_active":false,"_monsterinsights_sitenote_note":"","_monsterinsights_sitenote_category":0},"product_cat":[38,26],"product_tag":[34],"class_list":{"0":"post-8304","1":"product","2":"type-product","3":"status-publish","4":"has-post-thumbnail","6":"product_cat-attraction","7":"product_cat-attraction-amsterdam-pass","8":"product_tag-amsterdam","10":"first","11":"instock","12":"shipping-taxable","13":"product-type-simple"},"acf":[],"yoast_head":"<!-- This site is optimized with the Yoast SEO plugin v23.8 - https:\/\/yoast.com\/wordpress\/plugins\/seo\/ -->\n<title>van Gogh &amp; Rembrandt in Amsterdam - Explore Pass<\/title>\n<meta name=\"description\" content=\"Visit the immersive experience Van Gogh and Rembrandt in Amsterdam with your Explore Pass. Be amazed by the 360* show in the Noorderkerk.\" \/>\n<meta name=\"robots\" content=\"index, follow, max-snippet:-1, max-image-preview:large, max-video-preview:-1\" \/>\n<link rel=\"canonical\" href=\"https:\/\/explore-pass.com\/es\/pass\/van-gogh-rembrandt\/\" \/>\n<meta property=\"og:locale\" content=\"es_ES\" \/>\n<meta property=\"og:type\" content=\"article\" \/>\n<meta property=\"og:title\" content=\"van Gogh &amp; Rembrandt in Amsterdam - Explore Pass\" \/>\n<meta property=\"og:description\" content=\"Visit the immersive experience Van Gogh and Rembrandt in Amsterdam with your Explore Pass. Be amazed by the 360* show in the Noorderkerk.\" \/>\n<meta property=\"og:url\" content=\"https:\/\/explore-pass.com\/es\/pass\/van-gogh-rembrandt\/\" \/>\n<meta property=\"og:site_name\" content=\"Explore Pass\" \/>\n<meta property=\"article:modified_time\" content=\"2025-12-29T13:25:28+00:00\" \/>\n<meta property=\"og:image\" content=\"https:\/\/explore-pass.com\/wp-content\/uploads\/2025\/02\/VINCEN2.jpg\" \/>\n\t<meta property=\"og:image:width\" content=\"904\" \/>\n\t<meta property=\"og:image:height\" content=\"568\" \/>\n\t<meta property=\"og:image:type\" content=\"image\/jpeg\" \/>\n<meta name=\"twitter:card\" content=\"summary_large_image\" \/>\n<meta name=\"twitter:label1\" content=\"Tiempo de lectura\" \/>\n\t<meta name=\"twitter:data1\" content=\"1 minuto\" \/>\n<script type=\"application\/ld+json\" class=\"yoast-schema-graph\">{\"@context\":\"https:\/\/schema.org\",\"@graph\":[{\"@type\":\"WebPage\",\"@id\":\"https:\/\/explore-pass.com\/pass\/van-gogh-rembrandt\/\",\"url\":\"https:\/\/explore-pass.com\/pass\/van-gogh-rembrandt\/\",\"name\":\"van Gogh & Rembrandt in Amsterdam - Explore Pass\",\"isPartOf\":{\"@id\":\"https:\/\/explore-pass.com\/es\/#website\"},\"primaryImageOfPage\":{\"@id\":\"https:\/\/explore-pass.com\/pass\/van-gogh-rembrandt\/#primaryimage\"},\"image\":{\"@id\":\"https:\/\/explore-pass.com\/pass\/van-gogh-rembrandt\/#primaryimage\"},\"thumbnailUrl\":\"https:\/\/explore-pass.com\/wp-content\/uploads\/2025\/02\/VINCEN2.jpg\",\"datePublished\":\"2025-02-20T10:46:37+00:00\",\"dateModified\":\"2025-12-29T13:25:28+00:00\",\"description\":\"Visit the immersive experience Van Gogh and Rembrandt in Amsterdam with your Explore Pass. Be amazed by the 360* show in the Noorderkerk.\",\"breadcrumb\":{\"@id\":\"https:\/\/explore-pass.com\/pass\/van-gogh-rembrandt\/#breadcrumb\"},\"inLanguage\":\"es\",\"potentialAction\":[{\"@type\":\"ReadAction\",\"target\":[\"https:\/\/explore-pass.com\/pass\/van-gogh-rembrandt\/\"]}]},{\"@type\":\"ImageObject\",\"inLanguage\":\"es\",\"@id\":\"https:\/\/explore-pass.com\/pass\/van-gogh-rembrandt\/#primaryimage\",\"url\":\"https:\/\/explore-pass.com\/wp-content\/uploads\/2025\/02\/VINCEN2.jpg\",\"contentUrl\":\"https:\/\/explore-pass.com\/wp-content\/uploads\/2025\/02\/VINCEN2.jpg\",\"width\":904,\"height\":568},{\"@type\":\"BreadcrumbList\",\"@id\":\"https:\/\/explore-pass.com\/pass\/van-gogh-rembrandt\/#breadcrumb\",\"itemListElement\":[{\"@type\":\"ListItem\",\"position\":1,\"name\":\"Home\",\"item\":\"https:\/\/explore-pass.com\/en\/\"},{\"@type\":\"ListItem\",\"position\":2,\"name\":\"Shop\",\"item\":\"https:\/\/explore-pass.com\/shop\/\"},{\"@type\":\"ListItem\",\"position\":3,\"name\":\"van Gogh &#038; Rembrandt in Amsterdam\"}]},{\"@type\":\"WebSite\",\"@id\":\"https:\/\/explore-pass.com\/es\/#website\",\"url\":\"https:\/\/explore-pass.com\/es\/\",\"name\":\"Explore Pass\",\"description\":\"See the Best for Less\",\"publisher\":{\"@id\":\"https:\/\/explore-pass.com\/es\/#organization\"},\"potentialAction\":[{\"@type\":\"SearchAction\",\"target\":{\"@type\":\"EntryPoint\",\"urlTemplate\":\"https:\/\/explore-pass.com\/es\/?s={search_term_string}\"},\"query-input\":{\"@type\":\"PropertyValueSpecification\",\"valueRequired\":true,\"valueName\":\"search_term_string\"}}],\"inLanguage\":\"es\"},{\"@type\":\"Organization\",\"@id\":\"https:\/\/explore-pass.com\/es\/#organization\",\"name\":\"Explore Pass\",\"url\":\"https:\/\/explore-pass.com\/es\/\",\"logo\":{\"@type\":\"ImageObject\",\"inLanguage\":\"es\",\"@id\":\"https:\/\/explore-pass.com\/es\/#\/schema\/logo\/image\/\",\"url\":\"https:\/\/explore-pass.com\/wp-content\/uploads\/2022\/07\/Logo-black-with-background.png\",\"contentUrl\":\"https:\/\/explore-pass.com\/wp-content\/uploads\/2022\/07\/Logo-black-with-background.png\",\"width\":1340,\"height\":615,\"caption\":\"Explore Pass\"},\"image\":{\"@id\":\"https:\/\/explore-pass.com\/es\/#\/schema\/logo\/image\/\"},\"sameAs\":[\"https:\/\/www.instagram.com\/explorepassofficial\/\",\"https:\/\/www.tiktok.com\/@explorepass\"]}]}<\/script>\n<!-- \/ Yoast SEO plugin. -->","yoast_head_json":{"title":"van Gogh & Rembrandt in Amsterdam - Explore Pass","description":"Visit the immersive experience Van Gogh and Rembrandt in Amsterdam with your Explore Pass. Be amazed by the 360* show in the Noorderkerk.","robots":{"index":"index","follow":"follow","max-snippet":"max-snippet:-1","max-image-preview":"max-image-preview:large","max-video-preview":"max-video-preview:-1"},"canonical":"https:\/\/explore-pass.com\/es\/pass\/van-gogh-rembrandt\/","og_locale":"es_ES","og_type":"article","og_title":"van Gogh & Rembrandt in Amsterdam - Explore Pass","og_description":"Visit the immersive experience Van Gogh and Rembrandt in Amsterdam with your Explore Pass. Be amazed by the 360* show in the Noorderkerk.","og_url":"https:\/\/explore-pass.com\/es\/pass\/van-gogh-rembrandt\/","og_site_name":"Explore Pass","article_modified_time":"2025-12-29T13:25:28+00:00","og_image":[{"width":904,"height":568,"url":"https:\/\/explore-pass.com\/wp-content\/uploads\/2025\/02\/VINCEN2.jpg","type":"image\/jpeg"}],"twitter_card":"summary_large_image","twitter_misc":{"Tiempo de lectura":"1 minuto"},"schema":{"@context":"https:\/\/schema.org","@graph":[{"@type":"WebPage","@id":"https:\/\/explore-pass.com\/pass\/van-gogh-rembrandt\/","url":"https:\/\/explore-pass.com\/pass\/van-gogh-rembrandt\/","name":"van Gogh & Rembrandt in Amsterdam - Explore Pass","isPartOf":{"@id":"https:\/\/explore-pass.com\/es\/#website"},"primaryImageOfPage":{"@id":"https:\/\/explore-pass.com\/pass\/van-gogh-rembrandt\/#primaryimage"},"image":{"@id":"https:\/\/explore-pass.com\/pass\/van-gogh-rembrandt\/#primaryimage"},"thumbnailUrl":"https:\/\/explore-pass.com\/wp-content\/uploads\/2025\/02\/VINCEN2.jpg","datePublished":"2025-02-20T10:46:37+00:00","dateModified":"2025-12-29T13:25:28+00:00","description":"Visit the immersive experience Van Gogh and Rembrandt in Amsterdam with your Explore Pass. Be amazed by the 360* show in the Noorderkerk.","breadcrumb":{"@id":"https:\/\/explore-pass.com\/pass\/van-gogh-rembrandt\/#breadcrumb"},"inLanguage":"es","potentialAction":[{"@type":"ReadAction","target":["https:\/\/explore-pass.com\/pass\/van-gogh-rembrandt\/"]}]},{"@type":"ImageObject","inLanguage":"es","@id":"https:\/\/explore-pass.com\/pass\/van-gogh-rembrandt\/#primaryimage","url":"https:\/\/explore-pass.com\/wp-content\/uploads\/2025\/02\/VINCEN2.jpg","contentUrl":"https:\/\/explore-pass.com\/wp-content\/uploads\/2025\/02\/VINCEN2.jpg","width":904,"height":568},{"@type":"BreadcrumbList","@id":"https:\/\/explore-pass.com\/pass\/van-gogh-rembrandt\/#breadcrumb","itemListElement":[{"@type":"ListItem","position":1,"name":"Home","item":"https:\/\/explore-pass.com\/en\/"},{"@type":"ListItem","position":2,"name":"Shop","item":"https:\/\/explore-pass.com\/shop\/"},{"@type":"ListItem","position":3,"name":"van Gogh &#038; Rembrandt in Amsterdam"}]},{"@type":"WebSite","@id":"https:\/\/explore-pass.com\/es\/#website","url":"https:\/\/explore-pass.com\/es\/","name":"Explore Pass","description":"See the Best for Less","publisher":{"@id":"https:\/\/explore-pass.com\/es\/#organization"},"potentialAction":[{"@type":"SearchAction","target":{"@type":"EntryPoint","urlTemplate":"https:\/\/explore-pass.com\/es\/?s={search_term_string}"},"query-input":{"@type":"PropertyValueSpecification","valueRequired":true,"valueName":"search_term_string"}}],"inLanguage":"es"},{"@type":"Organization","@id":"https:\/\/explore-pass.com\/es\/#organization","name":"Explore Pass","url":"https:\/\/explore-pass.com\/es\/","logo":{"@type":"ImageObject","inLanguage":"es","@id":"https:\/\/explore-pass.com\/es\/#\/schema\/logo\/image\/","url":"https:\/\/explore-pass.com\/wp-content\/uploads\/2022\/07\/Logo-black-with-background.png","contentUrl":"https:\/\/explore-pass.com\/wp-content\/uploads\/2022\/07\/Logo-black-with-background.png","width":1340,"height":615,"caption":"Explore Pass"},"image":{"@id":"https:\/\/explore-pass.com\/es\/#\/schema\/logo\/image\/"},"sameAs":["https:\/\/www.instagram.com\/explorepassofficial\/","https:\/\/www.tiktok.com\/@explorepass"]}]}},"_links":{"self":[{"href":"https:\/\/explore-pass.com\/es\/wp-json\/wp\/v2\/product\/8304"}],"collection":[{"href":"https:\/\/explore-pass.com\/es\/wp-json\/wp\/v2\/product"}],"about":[{"href":"https:\/\/explore-pass.com\/es\/wp-json\/wp\/v2\/types\/product"}],"wp:featuredmedia":[{"embeddable":true,"href":"https:\/\/explore-pass.com\/es\/wp-json\/wp\/v2\/media\/8305"}],"wp:attachment":[{"href":"https:\/\/explore-pass.com\/es\/wp-json\/wp\/v2\/media?parent=8304"}],"wp:term":[{"taxonomy":"product_cat","embeddable":true,"href":"https:\/\/explore-pass.com\/es\/wp-json\/wp\/v2\/product_cat?post=8304"},{"taxonomy":"product_tag","embeddable":true,"href":"https:\/\/explore-pass.com\/es\/wp-json\/wp\/v2\/product_tag?post=8304"}],"curies":[{"name":"wp","href":"https:\/\/api.w.org\/{rel}","templated":true}]}}