{"id":8205,"date":"2024-12-02T12:09:55","date_gmt":"2024-12-02T12:09:55","guid":{"rendered":"https:\/\/explore-pass.com\/?post_type=product&#038;p=8205"},"modified":"2025-10-23T09:52:20","modified_gmt":"2025-10-23T09:52:20","slug":"light-festival","status":"publish","type":"product","link":"https:\/\/explore-pass.com\/es\/pass\/light-festival\/","title":{"rendered":"<p>Amsterdam Light Festival Cruise<\/p>"},"content":{"rendered":"<p>Hay algunas cosas recurrentes en invierno que te hacen disfrutar de estos meses m\u00e1s oscuros y fr\u00edos. Una de ellas es el Festival de la Luz de \u00c1msterdam. Disfruta de obras de arte luminosas a lo largo de los rom\u00e1nticos canales de la ciudad. La mejor forma de verlo es, por supuesto, \u00a1haciendo un crucero por la ruta! S\u00fabase a un c\u00f3modo y climatizado barco de LOVERS Canal Cruises, que sale de la Estaci\u00f3n Central de \u00c1msterdam con su Explore Pass \u00c1msterdam.<p>Para m\u00e1s informaci\u00f3n, visita <a href=\"https:\/\/www.lovers.nl\/en\/amsterdam-light-festival\/amsterdam-light-festival-cruise\/\">lovers.nl<\/a><\/p><\/p>","protected":false},"excerpt":{"rendered":"<p>Los bellos canales de \u00c1msterdam se iluminan cada invierno durante el Amsterdam Light Festival. \u00a1\u00danete a un crucero y descubre la magia!<\/p>","protected":false},"featured_media":8207,"template":"","meta":{"_acf_changed":false,"_monsterinsights_skip_tracking":false,"_monsterinsights_sitenote_active":false,"_monsterinsights_sitenote_note":"","_monsterinsights_sitenote_category":0},"product_cat":[26,35],"product_tag":[34],"class_list":{"0":"post-8205","1":"product","2":"type-product","3":"status-publish","4":"has-post-thumbnail","6":"product_cat-attraction-amsterdam-pass","7":"product_cat-cruise","8":"product_tag-amsterdam","10":"first","11":"instock","12":"shipping-taxable","13":"product-type-simple"},"acf":[],"yoast_head":"<!-- This site is optimized with the Yoast SEO plugin v23.8 - https:\/\/yoast.com\/wordpress\/plugins\/seo\/ -->\n<title>Amsterdam Light Festival Cruise - Explore Pass<\/title>\n<meta name=\"description\" content=\"Enjoy the Amsterdam Light Festival cruise with your Explore Pass Amsterdam! Build your perfect trip and enjoy the best of the city!\" \/>\n<meta name=\"robots\" content=\"index, follow, max-snippet:-1, max-image-preview:large, max-video-preview:-1\" \/>\n<link rel=\"canonical\" href=\"https:\/\/explore-pass.com\/es\/pass\/light-festival\/\" \/>\n<meta property=\"og:locale\" content=\"es_ES\" \/>\n<meta property=\"og:type\" content=\"article\" \/>\n<meta property=\"og:title\" content=\"Amsterdam Light Festival Cruise - Explore Pass\" \/>\n<meta property=\"og:description\" content=\"Enjoy the Amsterdam Light Festival cruise with your Explore Pass Amsterdam! Build your perfect trip and enjoy the best of the city!\" \/>\n<meta property=\"og:url\" content=\"https:\/\/explore-pass.com\/es\/pass\/light-festival\/\" \/>\n<meta property=\"og:site_name\" content=\"Explore Pass\" \/>\n<meta property=\"article:modified_time\" content=\"2025-10-23T09:52:20+00:00\" \/>\n<meta property=\"og:image\" content=\"https:\/\/explore-pass.com\/wp-content\/uploads\/2024\/12\/ALF.jpg\" \/>\n\t<meta property=\"og:image:width\" content=\"1000\" \/>\n\t<meta property=\"og:image:height\" content=\"631\" \/>\n\t<meta property=\"og:image:type\" content=\"image\/jpeg\" \/>\n<meta name=\"twitter:card\" content=\"summary_large_image\" \/>\n<meta name=\"twitter:label1\" content=\"Tiempo de lectura\" \/>\n\t<meta name=\"twitter:data1\" content=\"1 minuto\" \/>\n<script type=\"application\/ld+json\" class=\"yoast-schema-graph\">{\"@context\":\"https:\/\/schema.org\",\"@graph\":[{\"@type\":\"WebPage\",\"@id\":\"https:\/\/explore-pass.com\/pass\/light-festival\/\",\"url\":\"https:\/\/explore-pass.com\/pass\/light-festival\/\",\"name\":\"Amsterdam Light Festival Cruise - Explore Pass\",\"isPartOf\":{\"@id\":\"https:\/\/explore-pass.com\/es\/#website\"},\"primaryImageOfPage\":{\"@id\":\"https:\/\/explore-pass.com\/pass\/light-festival\/#primaryimage\"},\"image\":{\"@id\":\"https:\/\/explore-pass.com\/pass\/light-festival\/#primaryimage\"},\"thumbnailUrl\":\"https:\/\/explore-pass.com\/wp-content\/uploads\/2024\/12\/ALF.jpg\",\"datePublished\":\"2024-12-02T12:09:55+00:00\",\"dateModified\":\"2025-10-23T09:52:20+00:00\",\"description\":\"Enjoy the Amsterdam Light Festival cruise with your Explore Pass Amsterdam! Build your perfect trip and enjoy the best of the city!\",\"breadcrumb\":{\"@id\":\"https:\/\/explore-pass.com\/pass\/light-festival\/#breadcrumb\"},\"inLanguage\":\"es\",\"potentialAction\":[{\"@type\":\"ReadAction\",\"target\":[\"https:\/\/explore-pass.com\/pass\/light-festival\/\"]}]},{\"@type\":\"ImageObject\",\"inLanguage\":\"es\",\"@id\":\"https:\/\/explore-pass.com\/pass\/light-festival\/#primaryimage\",\"url\":\"https:\/\/explore-pass.com\/wp-content\/uploads\/2024\/12\/ALF.jpg\",\"contentUrl\":\"https:\/\/explore-pass.com\/wp-content\/uploads\/2024\/12\/ALF.jpg\",\"width\":1000,\"height\":631},{\"@type\":\"BreadcrumbList\",\"@id\":\"https:\/\/explore-pass.com\/pass\/light-festival\/#breadcrumb\",\"itemListElement\":[{\"@type\":\"ListItem\",\"position\":1,\"name\":\"Home\",\"item\":\"https:\/\/explore-pass.com\/en\/\"},{\"@type\":\"ListItem\",\"position\":2,\"name\":\"Shop\",\"item\":\"https:\/\/explore-pass.com\/shop\/\"},{\"@type\":\"ListItem\",\"position\":3,\"name\":\"Amsterdam Light Festival Cruise\"}]},{\"@type\":\"WebSite\",\"@id\":\"https:\/\/explore-pass.com\/es\/#website\",\"url\":\"https:\/\/explore-pass.com\/es\/\",\"name\":\"Explore Pass\",\"description\":\"See the Best for Less\",\"publisher\":{\"@id\":\"https:\/\/explore-pass.com\/es\/#organization\"},\"potentialAction\":[{\"@type\":\"SearchAction\",\"target\":{\"@type\":\"EntryPoint\",\"urlTemplate\":\"https:\/\/explore-pass.com\/es\/?s={search_term_string}\"},\"query-input\":{\"@type\":\"PropertyValueSpecification\",\"valueRequired\":true,\"valueName\":\"search_term_string\"}}],\"inLanguage\":\"es\"},{\"@type\":\"Organization\",\"@id\":\"https:\/\/explore-pass.com\/es\/#organization\",\"name\":\"Explore Pass\",\"url\":\"https:\/\/explore-pass.com\/es\/\",\"logo\":{\"@type\":\"ImageObject\",\"inLanguage\":\"es\",\"@id\":\"https:\/\/explore-pass.com\/es\/#\/schema\/logo\/image\/\",\"url\":\"https:\/\/explore-pass.com\/wp-content\/uploads\/2022\/07\/Logo-black-with-background.png\",\"contentUrl\":\"https:\/\/explore-pass.com\/wp-content\/uploads\/2022\/07\/Logo-black-with-background.png\",\"width\":1340,\"height\":615,\"caption\":\"Explore Pass\"},\"image\":{\"@id\":\"https:\/\/explore-pass.com\/es\/#\/schema\/logo\/image\/\"},\"sameAs\":[\"https:\/\/www.instagram.com\/explorepassofficial\/\",\"https:\/\/www.tiktok.com\/@explorepass\"]}]}<\/script>\n<!-- \/ Yoast SEO plugin. -->","yoast_head_json":{"title":"Amsterdam Light Festival Cruise - Explore Pass","description":"Enjoy the Amsterdam Light Festival cruise with your Explore Pass Amsterdam! Build your perfect trip and enjoy the best of the city!","robots":{"index":"index","follow":"follow","max-snippet":"max-snippet:-1","max-image-preview":"max-image-preview:large","max-video-preview":"max-video-preview:-1"},"canonical":"https:\/\/explore-pass.com\/es\/pass\/light-festival\/","og_locale":"es_ES","og_type":"article","og_title":"Amsterdam Light Festival Cruise - Explore Pass","og_description":"Enjoy the Amsterdam Light Festival cruise with your Explore Pass Amsterdam! Build your perfect trip and enjoy the best of the city!","og_url":"https:\/\/explore-pass.com\/es\/pass\/light-festival\/","og_site_name":"Explore Pass","article_modified_time":"2025-10-23T09:52:20+00:00","og_image":[{"width":1000,"height":631,"url":"https:\/\/explore-pass.com\/wp-content\/uploads\/2024\/12\/ALF.jpg","type":"image\/jpeg"}],"twitter_card":"summary_large_image","twitter_misc":{"Tiempo de lectura":"1 minuto"},"schema":{"@context":"https:\/\/schema.org","@graph":[{"@type":"WebPage","@id":"https:\/\/explore-pass.com\/pass\/light-festival\/","url":"https:\/\/explore-pass.com\/pass\/light-festival\/","name":"Amsterdam Light Festival Cruise - Explore Pass","isPartOf":{"@id":"https:\/\/explore-pass.com\/es\/#website"},"primaryImageOfPage":{"@id":"https:\/\/explore-pass.com\/pass\/light-festival\/#primaryimage"},"image":{"@id":"https:\/\/explore-pass.com\/pass\/light-festival\/#primaryimage"},"thumbnailUrl":"https:\/\/explore-pass.com\/wp-content\/uploads\/2024\/12\/ALF.jpg","datePublished":"2024-12-02T12:09:55+00:00","dateModified":"2025-10-23T09:52:20+00:00","description":"Enjoy the Amsterdam Light Festival cruise with your Explore Pass Amsterdam! Build your perfect trip and enjoy the best of the city!","breadcrumb":{"@id":"https:\/\/explore-pass.com\/pass\/light-festival\/#breadcrumb"},"inLanguage":"es","potentialAction":[{"@type":"ReadAction","target":["https:\/\/explore-pass.com\/pass\/light-festival\/"]}]},{"@type":"ImageObject","inLanguage":"es","@id":"https:\/\/explore-pass.com\/pass\/light-festival\/#primaryimage","url":"https:\/\/explore-pass.com\/wp-content\/uploads\/2024\/12\/ALF.jpg","contentUrl":"https:\/\/explore-pass.com\/wp-content\/uploads\/2024\/12\/ALF.jpg","width":1000,"height":631},{"@type":"BreadcrumbList","@id":"https:\/\/explore-pass.com\/pass\/light-festival\/#breadcrumb","itemListElement":[{"@type":"ListItem","position":1,"name":"Home","item":"https:\/\/explore-pass.com\/en\/"},{"@type":"ListItem","position":2,"name":"Shop","item":"https:\/\/explore-pass.com\/shop\/"},{"@type":"ListItem","position":3,"name":"Amsterdam Light Festival Cruise"}]},{"@type":"WebSite","@id":"https:\/\/explore-pass.com\/es\/#website","url":"https:\/\/explore-pass.com\/es\/","name":"Explore Pass","description":"See the Best for Less","publisher":{"@id":"https:\/\/explore-pass.com\/es\/#organization"},"potentialAction":[{"@type":"SearchAction","target":{"@type":"EntryPoint","urlTemplate":"https:\/\/explore-pass.com\/es\/?s={search_term_string}"},"query-input":{"@type":"PropertyValueSpecification","valueRequired":true,"valueName":"search_term_string"}}],"inLanguage":"es"},{"@type":"Organization","@id":"https:\/\/explore-pass.com\/es\/#organization","name":"Explore Pass","url":"https:\/\/explore-pass.com\/es\/","logo":{"@type":"ImageObject","inLanguage":"es","@id":"https:\/\/explore-pass.com\/es\/#\/schema\/logo\/image\/","url":"https:\/\/explore-pass.com\/wp-content\/uploads\/2022\/07\/Logo-black-with-background.png","contentUrl":"https:\/\/explore-pass.com\/wp-content\/uploads\/2022\/07\/Logo-black-with-background.png","width":1340,"height":615,"caption":"Explore Pass"},"image":{"@id":"https:\/\/explore-pass.com\/es\/#\/schema\/logo\/image\/"},"sameAs":["https:\/\/www.instagram.com\/explorepassofficial\/","https:\/\/www.tiktok.com\/@explorepass"]}]}},"_links":{"self":[{"href":"https:\/\/explore-pass.com\/es\/wp-json\/wp\/v2\/product\/8205"}],"collection":[{"href":"https:\/\/explore-pass.com\/es\/wp-json\/wp\/v2\/product"}],"about":[{"href":"https:\/\/explore-pass.com\/es\/wp-json\/wp\/v2\/types\/product"}],"wp:featuredmedia":[{"embeddable":true,"href":"https:\/\/explore-pass.com\/es\/wp-json\/wp\/v2\/media\/8207"}],"wp:attachment":[{"href":"https:\/\/explore-pass.com\/es\/wp-json\/wp\/v2\/media?parent=8205"}],"wp:term":[{"taxonomy":"product_cat","embeddable":true,"href":"https:\/\/explore-pass.com\/es\/wp-json\/wp\/v2\/product_cat?post=8205"},{"taxonomy":"product_tag","embeddable":true,"href":"https:\/\/explore-pass.com\/es\/wp-json\/wp\/v2\/product_tag?post=8205"}],"curies":[{"name":"wp","href":"https:\/\/api.w.org\/{rel}","templated":true}]}}