{"id":4726,"date":"2022-12-01T10:43:44","date_gmt":"2022-12-01T10:43:44","guid":{"rendered":"https:\/\/tgi.openpass.co.uk\/?post_type=product&#038;p=4726"},"modified":"2026-03-19T12:11:50","modified_gmt":"2026-03-19T12:11:50","slug":"national-maritime-museum","status":"publish","type":"product","link":"https:\/\/explore-pass.com\/es\/pass\/national-maritime-museum\/","title":{"rendered":"<p>Museo mar\u00edtimo nacional<\/p>"},"content":{"rendered":"<div class=\"intro intro--home\">\n<div class=\"container\">\n<div class=\"intro-paragraph\">\n<p>El Museo Mar\u00edtimo Nacional, o en holand\u00e9s: het Scheepsvaart Museum, alberga una de las mayores colecciones mar\u00edtimas en el mundo. En el antiguo arsenal del Almirantazgo de \u00c1msterdam, que data de 1656, descubre la colecci\u00f3n de pinturas, maquetas de barcos, instrumentos de navegaci\u00f3n y cartas marinas. Recorre una r\u00e9plica de un carguero del siglo XVIII de la Compa\u00f1\u00eda Holandesa de las Indias Orientales. Haz una visita y conoce 500 a\u00f1os de historia holandesa en el mar, y su v\u00ednculo con la sociedad actual y futura.<\/p>\n<p>Para m\u00e1s informaci\u00f3n y horarios de apertura, consulta hetscheepvaartmuseum.com<\/p>\n<\/div>\n<\/div>\n<\/div>","protected":false},"excerpt":{"rendered":"<p>The National Maritime Museum, or in Dutch; het Scheepsvaart Museum, holds some of the most notable maritime collections in the world. In the former arsenal of the Admiralty of Amsterdam that dates back to 1656, discover the collection of paintings, ship models, navigation instruments and sea charts. Tour a replica of a 18th century cargo [&hellip;]<\/p>","protected":false},"featured_media":4727,"template":"","meta":{"_acf_changed":false,"_monsterinsights_skip_tracking":false,"_monsterinsights_sitenote_active":false,"_monsterinsights_sitenote_note":"","_monsterinsights_sitenote_category":0},"product_cat":[26,39,36],"product_tag":[34],"class_list":{"0":"post-4726","1":"product","2":"type-product","3":"status-publish","4":"has-post-thumbnail","6":"product_cat-attraction-amsterdam-pass","7":"product_cat-family-friendly","8":"product_cat-museum","9":"product_tag-amsterdam","11":"first","12":"instock","13":"shipping-taxable","14":"product-type-simple"},"acf":[],"yoast_head":"<!-- This site is optimized with the Yoast SEO plugin v23.8 - https:\/\/yoast.com\/wordpress\/plugins\/seo\/ -->\n<title>National Maritime Museum - Explore Pass<\/title>\n<meta name=\"description\" content=\"Enjoy the National Maritime Museum with your Explore Pass - build your perfect itinerary and explore Amsterdam at your own pace.\" \/>\n<meta name=\"robots\" content=\"index, follow, max-snippet:-1, max-image-preview:large, max-video-preview:-1\" \/>\n<link rel=\"canonical\" href=\"https:\/\/explore-pass.com\/es\/pass\/national-maritime-museum\/\" \/>\n<meta property=\"og:locale\" content=\"es_ES\" \/>\n<meta property=\"og:type\" content=\"article\" \/>\n<meta property=\"og:title\" content=\"National Maritime Museum - Explore Pass\" \/>\n<meta property=\"og:description\" content=\"Enjoy the National Maritime Museum with your Explore Pass - build your perfect itinerary and explore Amsterdam at your own pace.\" \/>\n<meta property=\"og:url\" content=\"https:\/\/explore-pass.com\/es\/pass\/national-maritime-museum\/\" \/>\n<meta property=\"og:site_name\" content=\"Explore Pass\" \/>\n<meta property=\"article:modified_time\" content=\"2026-03-19T12:11:50+00:00\" \/>\n<meta property=\"og:image\" content=\"https:\/\/explore-pass.com\/wp-content\/uploads\/2022\/12\/Het-Scheepvaartmuseum_Eddo-Hartmann_01-min-jpg.webp\" \/>\n\t<meta property=\"og:image:width\" content=\"2000\" \/>\n\t<meta property=\"og:image:height\" content=\"1049\" \/>\n\t<meta property=\"og:image:type\" content=\"image\/jpeg\" \/>\n<meta name=\"twitter:card\" content=\"summary_large_image\" \/>\n<meta name=\"twitter:label1\" content=\"Tiempo de lectura\" \/>\n\t<meta name=\"twitter:data1\" content=\"1 minuto\" \/>\n<script type=\"application\/ld+json\" class=\"yoast-schema-graph\">{\"@context\":\"https:\/\/schema.org\",\"@graph\":[{\"@type\":\"WebPage\",\"@id\":\"https:\/\/explore-pass.com\/pass\/national-maritime-museum\/\",\"url\":\"https:\/\/explore-pass.com\/pass\/national-maritime-museum\/\",\"name\":\"National Maritime Museum - Explore Pass\",\"isPartOf\":{\"@id\":\"https:\/\/explore-pass.com\/es\/#website\"},\"primaryImageOfPage\":{\"@id\":\"https:\/\/explore-pass.com\/pass\/national-maritime-museum\/#primaryimage\"},\"image\":{\"@id\":\"https:\/\/explore-pass.com\/pass\/national-maritime-museum\/#primaryimage\"},\"thumbnailUrl\":\"https:\/\/explore-pass.com\/wp-content\/uploads\/2022\/12\/Het-Scheepvaartmuseum_Eddo-Hartmann_01-min-jpg.webp\",\"datePublished\":\"2022-12-01T10:43:44+00:00\",\"dateModified\":\"2026-03-19T12:11:50+00:00\",\"description\":\"Enjoy the National Maritime Museum with your Explore Pass - build your perfect itinerary and explore Amsterdam at your own pace.\",\"breadcrumb\":{\"@id\":\"https:\/\/explore-pass.com\/pass\/national-maritime-museum\/#breadcrumb\"},\"inLanguage\":\"es\",\"potentialAction\":[{\"@type\":\"ReadAction\",\"target\":[\"https:\/\/explore-pass.com\/pass\/national-maritime-museum\/\"]}]},{\"@type\":\"ImageObject\",\"inLanguage\":\"es\",\"@id\":\"https:\/\/explore-pass.com\/pass\/national-maritime-museum\/#primaryimage\",\"url\":\"https:\/\/explore-pass.com\/wp-content\/uploads\/2022\/12\/Het-Scheepvaartmuseum_Eddo-Hartmann_01-min-jpg.webp\",\"contentUrl\":\"https:\/\/explore-pass.com\/wp-content\/uploads\/2022\/12\/Het-Scheepvaartmuseum_Eddo-Hartmann_01-min-jpg.webp\",\"width\":2000,\"height\":1049,\"caption\":\"Het Scheepvaartmuseum\"},{\"@type\":\"BreadcrumbList\",\"@id\":\"https:\/\/explore-pass.com\/pass\/national-maritime-museum\/#breadcrumb\",\"itemListElement\":[{\"@type\":\"ListItem\",\"position\":1,\"name\":\"Home\",\"item\":\"https:\/\/explore-pass.com\/en\/\"},{\"@type\":\"ListItem\",\"position\":2,\"name\":\"Shop\",\"item\":\"https:\/\/explore-pass.com\/shop\/\"},{\"@type\":\"ListItem\",\"position\":3,\"name\":\"National Maritime Museum\"}]},{\"@type\":\"WebSite\",\"@id\":\"https:\/\/explore-pass.com\/es\/#website\",\"url\":\"https:\/\/explore-pass.com\/es\/\",\"name\":\"Explore Pass\",\"description\":\"See the Best for Less\",\"publisher\":{\"@id\":\"https:\/\/explore-pass.com\/es\/#organization\"},\"potentialAction\":[{\"@type\":\"SearchAction\",\"target\":{\"@type\":\"EntryPoint\",\"urlTemplate\":\"https:\/\/explore-pass.com\/es\/?s={search_term_string}\"},\"query-input\":{\"@type\":\"PropertyValueSpecification\",\"valueRequired\":true,\"valueName\":\"search_term_string\"}}],\"inLanguage\":\"es\"},{\"@type\":\"Organization\",\"@id\":\"https:\/\/explore-pass.com\/es\/#organization\",\"name\":\"Explore Pass\",\"url\":\"https:\/\/explore-pass.com\/es\/\",\"logo\":{\"@type\":\"ImageObject\",\"inLanguage\":\"es\",\"@id\":\"https:\/\/explore-pass.com\/es\/#\/schema\/logo\/image\/\",\"url\":\"https:\/\/explore-pass.com\/wp-content\/uploads\/2022\/07\/Logo-black-with-background.png\",\"contentUrl\":\"https:\/\/explore-pass.com\/wp-content\/uploads\/2022\/07\/Logo-black-with-background.png\",\"width\":1340,\"height\":615,\"caption\":\"Explore Pass\"},\"image\":{\"@id\":\"https:\/\/explore-pass.com\/es\/#\/schema\/logo\/image\/\"},\"sameAs\":[\"https:\/\/www.instagram.com\/explorepassofficial\/\",\"https:\/\/www.tiktok.com\/@explorepass\"]}]}<\/script>\n<!-- \/ Yoast SEO plugin. -->","yoast_head_json":{"title":"National Maritime Museum - Explore Pass","description":"Enjoy the National Maritime Museum with your Explore Pass - build your perfect itinerary and explore Amsterdam at your own pace.","robots":{"index":"index","follow":"follow","max-snippet":"max-snippet:-1","max-image-preview":"max-image-preview:large","max-video-preview":"max-video-preview:-1"},"canonical":"https:\/\/explore-pass.com\/es\/pass\/national-maritime-museum\/","og_locale":"es_ES","og_type":"article","og_title":"National Maritime Museum - Explore Pass","og_description":"Enjoy the National Maritime Museum with your Explore Pass - build your perfect itinerary and explore Amsterdam at your own pace.","og_url":"https:\/\/explore-pass.com\/es\/pass\/national-maritime-museum\/","og_site_name":"Explore Pass","article_modified_time":"2026-03-19T12:11:50+00:00","og_image":[{"width":2000,"height":1049,"url":"https:\/\/explore-pass.com\/wp-content\/uploads\/2022\/12\/Het-Scheepvaartmuseum_Eddo-Hartmann_01-min-jpg.webp","type":"image\/jpeg"}],"twitter_card":"summary_large_image","twitter_misc":{"Tiempo de lectura":"1 minuto"},"schema":{"@context":"https:\/\/schema.org","@graph":[{"@type":"WebPage","@id":"https:\/\/explore-pass.com\/pass\/national-maritime-museum\/","url":"https:\/\/explore-pass.com\/pass\/national-maritime-museum\/","name":"National Maritime Museum - Explore Pass","isPartOf":{"@id":"https:\/\/explore-pass.com\/es\/#website"},"primaryImageOfPage":{"@id":"https:\/\/explore-pass.com\/pass\/national-maritime-museum\/#primaryimage"},"image":{"@id":"https:\/\/explore-pass.com\/pass\/national-maritime-museum\/#primaryimage"},"thumbnailUrl":"https:\/\/explore-pass.com\/wp-content\/uploads\/2022\/12\/Het-Scheepvaartmuseum_Eddo-Hartmann_01-min-jpg.webp","datePublished":"2022-12-01T10:43:44+00:00","dateModified":"2026-03-19T12:11:50+00:00","description":"Enjoy the National Maritime Museum with your Explore Pass - build your perfect itinerary and explore Amsterdam at your own pace.","breadcrumb":{"@id":"https:\/\/explore-pass.com\/pass\/national-maritime-museum\/#breadcrumb"},"inLanguage":"es","potentialAction":[{"@type":"ReadAction","target":["https:\/\/explore-pass.com\/pass\/national-maritime-museum\/"]}]},{"@type":"ImageObject","inLanguage":"es","@id":"https:\/\/explore-pass.com\/pass\/national-maritime-museum\/#primaryimage","url":"https:\/\/explore-pass.com\/wp-content\/uploads\/2022\/12\/Het-Scheepvaartmuseum_Eddo-Hartmann_01-min-jpg.webp","contentUrl":"https:\/\/explore-pass.com\/wp-content\/uploads\/2022\/12\/Het-Scheepvaartmuseum_Eddo-Hartmann_01-min-jpg.webp","width":2000,"height":1049,"caption":"Het Scheepvaartmuseum"},{"@type":"BreadcrumbList","@id":"https:\/\/explore-pass.com\/pass\/national-maritime-museum\/#breadcrumb","itemListElement":[{"@type":"ListItem","position":1,"name":"Home","item":"https:\/\/explore-pass.com\/en\/"},{"@type":"ListItem","position":2,"name":"Shop","item":"https:\/\/explore-pass.com\/shop\/"},{"@type":"ListItem","position":3,"name":"National Maritime Museum"}]},{"@type":"WebSite","@id":"https:\/\/explore-pass.com\/es\/#website","url":"https:\/\/explore-pass.com\/es\/","name":"Explore Pass","description":"See the Best for Less","publisher":{"@id":"https:\/\/explore-pass.com\/es\/#organization"},"potentialAction":[{"@type":"SearchAction","target":{"@type":"EntryPoint","urlTemplate":"https:\/\/explore-pass.com\/es\/?s={search_term_string}"},"query-input":{"@type":"PropertyValueSpecification","valueRequired":true,"valueName":"search_term_string"}}],"inLanguage":"es"},{"@type":"Organization","@id":"https:\/\/explore-pass.com\/es\/#organization","name":"Explore Pass","url":"https:\/\/explore-pass.com\/es\/","logo":{"@type":"ImageObject","inLanguage":"es","@id":"https:\/\/explore-pass.com\/es\/#\/schema\/logo\/image\/","url":"https:\/\/explore-pass.com\/wp-content\/uploads\/2022\/07\/Logo-black-with-background.png","contentUrl":"https:\/\/explore-pass.com\/wp-content\/uploads\/2022\/07\/Logo-black-with-background.png","width":1340,"height":615,"caption":"Explore Pass"},"image":{"@id":"https:\/\/explore-pass.com\/es\/#\/schema\/logo\/image\/"},"sameAs":["https:\/\/www.instagram.com\/explorepassofficial\/","https:\/\/www.tiktok.com\/@explorepass"]}]}},"_links":{"self":[{"href":"https:\/\/explore-pass.com\/es\/wp-json\/wp\/v2\/product\/4726"}],"collection":[{"href":"https:\/\/explore-pass.com\/es\/wp-json\/wp\/v2\/product"}],"about":[{"href":"https:\/\/explore-pass.com\/es\/wp-json\/wp\/v2\/types\/product"}],"wp:featuredmedia":[{"embeddable":true,"href":"https:\/\/explore-pass.com\/es\/wp-json\/wp\/v2\/media\/4727"}],"wp:attachment":[{"href":"https:\/\/explore-pass.com\/es\/wp-json\/wp\/v2\/media?parent=4726"}],"wp:term":[{"taxonomy":"product_cat","embeddable":true,"href":"https:\/\/explore-pass.com\/es\/wp-json\/wp\/v2\/product_cat?post=4726"},{"taxonomy":"product_tag","embeddable":true,"href":"https:\/\/explore-pass.com\/es\/wp-json\/wp\/v2\/product_tag?post=4726"}],"curies":[{"name":"wp","href":"https:\/\/api.w.org\/{rel}","templated":true}]}}