{"id":3239,"date":"2022-08-03T15:30:40","date_gmt":"2022-08-03T15:30:40","guid":{"rendered":"https:\/\/tgi.openpass.co.uk\/?post_type=product&#038;p=3239"},"modified":"2026-04-30T12:26:05","modified_gmt":"2026-04-30T12:26:05","slug":"amsterdam-this-is-holland","status":"publish","type":"product","link":"https:\/\/explore-pass.com\/es\/pass\/amsterdam-this-is-holland\/","title":{"rendered":"<p>This is Holland<\/p>"},"content":{"rendered":"<p>This is Holland te permite experimentar lo mejor de este diverso pa\u00eds en solo una hora. Con efectos especiales, olores y sonidos, te parecer\u00e1 estar volando. Durante tu experiencia de vuelo visitar\u00e1s los lugares m\u00e1s destacados del pa\u00eds, las ciudades y canales caracter\u00edsticos y la hermosa naturaleza.<p>Para m\u00e1s informaci\u00f3n y horarios de apertura, consulta thisisholland.com<\/p><\/p>","protected":false},"excerpt":{"rendered":"<p>Vive una impresionante experiencia de vuelo en 5D y descubre todos los Pa\u00edses Bajos a vista de p\u00e1jaro.<\/p>","protected":false},"featured_media":3240,"template":"","meta":{"_acf_changed":false,"_monsterinsights_skip_tracking":false,"_monsterinsights_sitenote_active":false,"_monsterinsights_sitenote_note":"","_monsterinsights_sitenote_category":0},"product_cat":[38,26,39],"product_tag":[34],"class_list":{"0":"post-3239","1":"product","2":"type-product","3":"status-publish","4":"has-post-thumbnail","6":"product_cat-attraction","7":"product_cat-attraction-amsterdam-pass","8":"product_cat-family-friendly","9":"product_tag-amsterdam","11":"first","12":"instock","13":"shipping-taxable","14":"product-type-simple"},"acf":[],"yoast_head":"<!-- This site is optimized with the Yoast SEO plugin v23.8 - https:\/\/yoast.com\/wordpress\/plugins\/seo\/ -->\n<title>This is Holland - Explore Pass<\/title>\n<meta name=\"description\" content=\"Enjoy This is Holland in Amsterdam with your Explore Pass - build your perfect itinerary and explore Amsterdam at your own pace.\" \/>\n<meta name=\"robots\" content=\"index, follow, max-snippet:-1, max-image-preview:large, max-video-preview:-1\" \/>\n<link rel=\"canonical\" href=\"https:\/\/explore-pass.com\/es\/pass\/amsterdam-this-is-holland\/\" \/>\n<meta property=\"og:locale\" content=\"es_ES\" \/>\n<meta property=\"og:type\" content=\"article\" \/>\n<meta property=\"og:title\" content=\"This is Holland - Explore Pass\" \/>\n<meta property=\"og:description\" content=\"Enjoy This is Holland in Amsterdam with your Explore Pass - build your perfect itinerary and explore Amsterdam at your own pace.\" \/>\n<meta property=\"og:url\" content=\"https:\/\/explore-pass.com\/es\/pass\/amsterdam-this-is-holland\/\" \/>\n<meta property=\"og:site_name\" content=\"Explore Pass\" \/>\n<meta property=\"article:modified_time\" content=\"2026-04-30T12:26:05+00:00\" \/>\n<meta property=\"og:image\" content=\"https:\/\/explore-pass.com\/wp-content\/uploads\/2022\/08\/THIS-IS-HOLLAND-copy.jpg\" \/>\n\t<meta property=\"og:image:width\" content=\"1600\" \/>\n\t<meta property=\"og:image:height\" content=\"900\" \/>\n\t<meta property=\"og:image:type\" content=\"image\/jpeg\" \/>\n<meta name=\"twitter:card\" content=\"summary_large_image\" \/>\n<meta name=\"twitter:label1\" content=\"Tiempo de lectura\" \/>\n\t<meta name=\"twitter:data1\" content=\"1 minuto\" \/>\n<script type=\"application\/ld+json\" class=\"yoast-schema-graph\">{\"@context\":\"https:\/\/schema.org\",\"@graph\":[{\"@type\":\"WebPage\",\"@id\":\"https:\/\/explore-pass.com\/pass\/amsterdam-this-is-holland\/\",\"url\":\"https:\/\/explore-pass.com\/pass\/amsterdam-this-is-holland\/\",\"name\":\"This is Holland - Explore Pass\",\"isPartOf\":{\"@id\":\"https:\/\/explore-pass.com\/es\/#website\"},\"primaryImageOfPage\":{\"@id\":\"https:\/\/explore-pass.com\/pass\/amsterdam-this-is-holland\/#primaryimage\"},\"image\":{\"@id\":\"https:\/\/explore-pass.com\/pass\/amsterdam-this-is-holland\/#primaryimage\"},\"thumbnailUrl\":\"https:\/\/explore-pass.com\/wp-content\/uploads\/2022\/08\/THIS-IS-HOLLAND-copy.jpg\",\"datePublished\":\"2022-08-03T15:30:40+00:00\",\"dateModified\":\"2026-04-30T12:26:05+00:00\",\"description\":\"Enjoy This is Holland in Amsterdam with your Explore Pass - build your perfect itinerary and explore Amsterdam at your own pace.\",\"breadcrumb\":{\"@id\":\"https:\/\/explore-pass.com\/pass\/amsterdam-this-is-holland\/#breadcrumb\"},\"inLanguage\":\"es\",\"potentialAction\":[{\"@type\":\"ReadAction\",\"target\":[\"https:\/\/explore-pass.com\/pass\/amsterdam-this-is-holland\/\"]}]},{\"@type\":\"ImageObject\",\"inLanguage\":\"es\",\"@id\":\"https:\/\/explore-pass.com\/pass\/amsterdam-this-is-holland\/#primaryimage\",\"url\":\"https:\/\/explore-pass.com\/wp-content\/uploads\/2022\/08\/THIS-IS-HOLLAND-copy.jpg\",\"contentUrl\":\"https:\/\/explore-pass.com\/wp-content\/uploads\/2022\/08\/THIS-IS-HOLLAND-copy.jpg\",\"width\":1600,\"height\":900,\"caption\":\"This is Holland\"},{\"@type\":\"BreadcrumbList\",\"@id\":\"https:\/\/explore-pass.com\/pass\/amsterdam-this-is-holland\/#breadcrumb\",\"itemListElement\":[{\"@type\":\"ListItem\",\"position\":1,\"name\":\"Home\",\"item\":\"https:\/\/explore-pass.com\/en\/\"},{\"@type\":\"ListItem\",\"position\":2,\"name\":\"Shop\",\"item\":\"https:\/\/explore-pass.com\/shop\/\"},{\"@type\":\"ListItem\",\"position\":3,\"name\":\"This is Holland\"}]},{\"@type\":\"WebSite\",\"@id\":\"https:\/\/explore-pass.com\/es\/#website\",\"url\":\"https:\/\/explore-pass.com\/es\/\",\"name\":\"Explore Pass\",\"description\":\"See the Best for Less\",\"publisher\":{\"@id\":\"https:\/\/explore-pass.com\/es\/#organization\"},\"potentialAction\":[{\"@type\":\"SearchAction\",\"target\":{\"@type\":\"EntryPoint\",\"urlTemplate\":\"https:\/\/explore-pass.com\/es\/?s={search_term_string}\"},\"query-input\":{\"@type\":\"PropertyValueSpecification\",\"valueRequired\":true,\"valueName\":\"search_term_string\"}}],\"inLanguage\":\"es\"},{\"@type\":\"Organization\",\"@id\":\"https:\/\/explore-pass.com\/es\/#organization\",\"name\":\"Explore Pass\",\"url\":\"https:\/\/explore-pass.com\/es\/\",\"logo\":{\"@type\":\"ImageObject\",\"inLanguage\":\"es\",\"@id\":\"https:\/\/explore-pass.com\/es\/#\/schema\/logo\/image\/\",\"url\":\"https:\/\/explore-pass.com\/wp-content\/uploads\/2022\/07\/Logo-black-with-background.png\",\"contentUrl\":\"https:\/\/explore-pass.com\/wp-content\/uploads\/2022\/07\/Logo-black-with-background.png\",\"width\":1340,\"height\":615,\"caption\":\"Explore Pass\"},\"image\":{\"@id\":\"https:\/\/explore-pass.com\/es\/#\/schema\/logo\/image\/\"},\"sameAs\":[\"https:\/\/www.instagram.com\/explorepassofficial\/\",\"https:\/\/www.tiktok.com\/@explorepass\"]}]}<\/script>\n<!-- \/ Yoast SEO plugin. -->","yoast_head_json":{"title":"This is Holland - Explore Pass","description":"Enjoy This is Holland in Amsterdam with your Explore Pass - build your perfect itinerary and explore Amsterdam at your own pace.","robots":{"index":"index","follow":"follow","max-snippet":"max-snippet:-1","max-image-preview":"max-image-preview:large","max-video-preview":"max-video-preview:-1"},"canonical":"https:\/\/explore-pass.com\/es\/pass\/amsterdam-this-is-holland\/","og_locale":"es_ES","og_type":"article","og_title":"This is Holland - Explore Pass","og_description":"Enjoy This is Holland in Amsterdam with your Explore Pass - build your perfect itinerary and explore Amsterdam at your own pace.","og_url":"https:\/\/explore-pass.com\/es\/pass\/amsterdam-this-is-holland\/","og_site_name":"Explore Pass","article_modified_time":"2026-04-30T12:26:05+00:00","og_image":[{"width":1600,"height":900,"url":"https:\/\/explore-pass.com\/wp-content\/uploads\/2022\/08\/THIS-IS-HOLLAND-copy.jpg","type":"image\/jpeg"}],"twitter_card":"summary_large_image","twitter_misc":{"Tiempo de lectura":"1 minuto"},"schema":{"@context":"https:\/\/schema.org","@graph":[{"@type":"WebPage","@id":"https:\/\/explore-pass.com\/pass\/amsterdam-this-is-holland\/","url":"https:\/\/explore-pass.com\/pass\/amsterdam-this-is-holland\/","name":"This is Holland - Explore Pass","isPartOf":{"@id":"https:\/\/explore-pass.com\/es\/#website"},"primaryImageOfPage":{"@id":"https:\/\/explore-pass.com\/pass\/amsterdam-this-is-holland\/#primaryimage"},"image":{"@id":"https:\/\/explore-pass.com\/pass\/amsterdam-this-is-holland\/#primaryimage"},"thumbnailUrl":"https:\/\/explore-pass.com\/wp-content\/uploads\/2022\/08\/THIS-IS-HOLLAND-copy.jpg","datePublished":"2022-08-03T15:30:40+00:00","dateModified":"2026-04-30T12:26:05+00:00","description":"Enjoy This is Holland in Amsterdam with your Explore Pass - build your perfect itinerary and explore Amsterdam at your own pace.","breadcrumb":{"@id":"https:\/\/explore-pass.com\/pass\/amsterdam-this-is-holland\/#breadcrumb"},"inLanguage":"es","potentialAction":[{"@type":"ReadAction","target":["https:\/\/explore-pass.com\/pass\/amsterdam-this-is-holland\/"]}]},{"@type":"ImageObject","inLanguage":"es","@id":"https:\/\/explore-pass.com\/pass\/amsterdam-this-is-holland\/#primaryimage","url":"https:\/\/explore-pass.com\/wp-content\/uploads\/2022\/08\/THIS-IS-HOLLAND-copy.jpg","contentUrl":"https:\/\/explore-pass.com\/wp-content\/uploads\/2022\/08\/THIS-IS-HOLLAND-copy.jpg","width":1600,"height":900,"caption":"This is Holland"},{"@type":"BreadcrumbList","@id":"https:\/\/explore-pass.com\/pass\/amsterdam-this-is-holland\/#breadcrumb","itemListElement":[{"@type":"ListItem","position":1,"name":"Home","item":"https:\/\/explore-pass.com\/en\/"},{"@type":"ListItem","position":2,"name":"Shop","item":"https:\/\/explore-pass.com\/shop\/"},{"@type":"ListItem","position":3,"name":"This is Holland"}]},{"@type":"WebSite","@id":"https:\/\/explore-pass.com\/es\/#website","url":"https:\/\/explore-pass.com\/es\/","name":"Explore Pass","description":"See the Best for Less","publisher":{"@id":"https:\/\/explore-pass.com\/es\/#organization"},"potentialAction":[{"@type":"SearchAction","target":{"@type":"EntryPoint","urlTemplate":"https:\/\/explore-pass.com\/es\/?s={search_term_string}"},"query-input":{"@type":"PropertyValueSpecification","valueRequired":true,"valueName":"search_term_string"}}],"inLanguage":"es"},{"@type":"Organization","@id":"https:\/\/explore-pass.com\/es\/#organization","name":"Explore Pass","url":"https:\/\/explore-pass.com\/es\/","logo":{"@type":"ImageObject","inLanguage":"es","@id":"https:\/\/explore-pass.com\/es\/#\/schema\/logo\/image\/","url":"https:\/\/explore-pass.com\/wp-content\/uploads\/2022\/07\/Logo-black-with-background.png","contentUrl":"https:\/\/explore-pass.com\/wp-content\/uploads\/2022\/07\/Logo-black-with-background.png","width":1340,"height":615,"caption":"Explore Pass"},"image":{"@id":"https:\/\/explore-pass.com\/es\/#\/schema\/logo\/image\/"},"sameAs":["https:\/\/www.instagram.com\/explorepassofficial\/","https:\/\/www.tiktok.com\/@explorepass"]}]}},"_links":{"self":[{"href":"https:\/\/explore-pass.com\/es\/wp-json\/wp\/v2\/product\/3239"}],"collection":[{"href":"https:\/\/explore-pass.com\/es\/wp-json\/wp\/v2\/product"}],"about":[{"href":"https:\/\/explore-pass.com\/es\/wp-json\/wp\/v2\/types\/product"}],"wp:featuredmedia":[{"embeddable":true,"href":"https:\/\/explore-pass.com\/es\/wp-json\/wp\/v2\/media\/3240"}],"wp:attachment":[{"href":"https:\/\/explore-pass.com\/es\/wp-json\/wp\/v2\/media?parent=3239"}],"wp:term":[{"taxonomy":"product_cat","embeddable":true,"href":"https:\/\/explore-pass.com\/es\/wp-json\/wp\/v2\/product_cat?post=3239"},{"taxonomy":"product_tag","embeddable":true,"href":"https:\/\/explore-pass.com\/es\/wp-json\/wp\/v2\/product_tag?post=3239"}],"curies":[{"name":"wp","href":"https:\/\/api.w.org\/{rel}","templated":true}]}}