{"id":3200,"date":"2022-08-03T15:11:58","date_gmt":"2022-08-03T15:11:58","guid":{"rendered":"https:\/\/tgi.openpass.co.uk\/?post_type=product&#038;p=3200"},"modified":"2026-03-19T12:15:05","modified_gmt":"2026-03-19T12:15:05","slug":"amsterdam-madame-tussauds","status":"publish","type":"product","link":"https:\/\/explore-pass.com\/es\/pass\/amsterdam-madame-tussauds\/","title":{"rendered":"<p>Museo de Cera Madame Tussauds<\/p>"},"content":{"rendered":"<p>Todos tus famosos favoritos se han instalado en el Madame Tussauds de \u00c1msterdam. Bueno, sus figuras de cera. Las figuras de cera, m\u00e1s reales que la vida real, siempre est\u00e1n listas para hacerse un selfie. Canta y baila con tus artistas favoritos, como Beyonce, Dua Lipa o Ariana Grande. \u00bfEn qu\u00e9 otro lugar puedes posar con miembros de la realeza, deportistas y actores que en el Madame Tussauds?<p>La exposici\u00f3n se encuentra en constante cambio, as\u00ed que est\u00e1te atento a la p\u00e1gina web para estar actualizado. Para m\u00e1s informaci\u00f3n y horarios sde apertura, visita madametussauds.com\/amsterdam<\/p><\/p>","protected":false},"excerpt":{"rendered":"<p>S\u00e1cate fotos con tus \u00eddolos favoritos y disfruta de una experiencia \u00fanica en el coraz\u00f3n de \u00c1msterdam. \u00a1El famoso Museo de Cera Madame Tussauds es divertido para todas las edades!<\/p>","protected":false},"featured_media":3201,"template":"","meta":{"_acf_changed":false,"_monsterinsights_skip_tracking":false,"_monsterinsights_sitenote_active":false,"_monsterinsights_sitenote_note":"","_monsterinsights_sitenote_category":0},"product_cat":[26,39,36],"product_tag":[34],"class_list":{"0":"post-3200","1":"product","2":"type-product","3":"status-publish","4":"has-post-thumbnail","6":"product_cat-attraction-amsterdam-pass","7":"product_cat-family-friendly","8":"product_cat-museum","9":"product_tag-amsterdam","11":"first","12":"instock","13":"shipping-taxable","14":"product-type-simple"},"acf":[],"yoast_head":"<!-- This site is optimized with the Yoast SEO plugin v23.8 - https:\/\/yoast.com\/wordpress\/plugins\/seo\/ -->\n<title>Madame Tussauds Wax Museum - Explore Pass<\/title>\n<meta name=\"description\" content=\"Enjoy Madame Tussauds Wax Museum with your Explore Pass - build your perfect itinerary and explore Amsterdam at your own pace.\" \/>\n<meta name=\"robots\" content=\"index, follow, max-snippet:-1, max-image-preview:large, max-video-preview:-1\" \/>\n<link rel=\"canonical\" href=\"https:\/\/explore-pass.com\/es\/pass\/amsterdam-madame-tussauds\/\" \/>\n<meta property=\"og:locale\" content=\"es_ES\" \/>\n<meta property=\"og:type\" content=\"article\" \/>\n<meta property=\"og:title\" content=\"Madame Tussauds Wax Museum - Explore Pass\" \/>\n<meta property=\"og:description\" content=\"Enjoy Madame Tussauds Wax Museum with your Explore Pass - build your perfect itinerary and explore Amsterdam at your own pace.\" \/>\n<meta property=\"og:url\" content=\"https:\/\/explore-pass.com\/es\/pass\/amsterdam-madame-tussauds\/\" \/>\n<meta property=\"og:site_name\" content=\"Explore Pass\" \/>\n<meta property=\"article:modified_time\" content=\"2026-03-19T12:15:05+00:00\" \/>\n<meta property=\"og:image\" content=\"https:\/\/explore-pass.com\/wp-content\/uploads\/2022\/08\/Madame-Tussauds-copy.jpg\" \/>\n\t<meta property=\"og:image:width\" content=\"1600\" \/>\n\t<meta property=\"og:image:height\" content=\"900\" \/>\n\t<meta property=\"og:image:type\" content=\"image\/jpeg\" \/>\n<meta name=\"twitter:card\" content=\"summary_large_image\" \/>\n<meta name=\"twitter:label1\" content=\"Tiempo de lectura\" \/>\n\t<meta name=\"twitter:data1\" content=\"1 minuto\" \/>\n<script type=\"application\/ld+json\" class=\"yoast-schema-graph\">{\"@context\":\"https:\/\/schema.org\",\"@graph\":[{\"@type\":\"WebPage\",\"@id\":\"https:\/\/explore-pass.com\/pass\/amsterdam-madame-tussauds\/\",\"url\":\"https:\/\/explore-pass.com\/pass\/amsterdam-madame-tussauds\/\",\"name\":\"Madame Tussauds Wax Museum - Explore Pass\",\"isPartOf\":{\"@id\":\"https:\/\/explore-pass.com\/es\/#website\"},\"primaryImageOfPage\":{\"@id\":\"https:\/\/explore-pass.com\/pass\/amsterdam-madame-tussauds\/#primaryimage\"},\"image\":{\"@id\":\"https:\/\/explore-pass.com\/pass\/amsterdam-madame-tussauds\/#primaryimage\"},\"thumbnailUrl\":\"https:\/\/explore-pass.com\/wp-content\/uploads\/2022\/08\/Madame-Tussauds-copy.jpg\",\"datePublished\":\"2022-08-03T15:11:58+00:00\",\"dateModified\":\"2026-03-19T12:15:05+00:00\",\"description\":\"Enjoy Madame Tussauds Wax Museum with your Explore Pass - build your perfect itinerary and explore Amsterdam at your own pace.\",\"breadcrumb\":{\"@id\":\"https:\/\/explore-pass.com\/pass\/amsterdam-madame-tussauds\/#breadcrumb\"},\"inLanguage\":\"es\",\"potentialAction\":[{\"@type\":\"ReadAction\",\"target\":[\"https:\/\/explore-pass.com\/pass\/amsterdam-madame-tussauds\/\"]}]},{\"@type\":\"ImageObject\",\"inLanguage\":\"es\",\"@id\":\"https:\/\/explore-pass.com\/pass\/amsterdam-madame-tussauds\/#primaryimage\",\"url\":\"https:\/\/explore-pass.com\/wp-content\/uploads\/2022\/08\/Madame-Tussauds-copy.jpg\",\"contentUrl\":\"https:\/\/explore-pass.com\/wp-content\/uploads\/2022\/08\/Madame-Tussauds-copy.jpg\",\"width\":1600,\"height\":900,\"caption\":\"Madame Tussauds Amsterdam\"},{\"@type\":\"BreadcrumbList\",\"@id\":\"https:\/\/explore-pass.com\/pass\/amsterdam-madame-tussauds\/#breadcrumb\",\"itemListElement\":[{\"@type\":\"ListItem\",\"position\":1,\"name\":\"Home\",\"item\":\"https:\/\/explore-pass.com\/en\/\"},{\"@type\":\"ListItem\",\"position\":2,\"name\":\"Shop\",\"item\":\"https:\/\/explore-pass.com\/shop\/\"},{\"@type\":\"ListItem\",\"position\":3,\"name\":\"Madame Tussauds Wax Museum\"}]},{\"@type\":\"WebSite\",\"@id\":\"https:\/\/explore-pass.com\/es\/#website\",\"url\":\"https:\/\/explore-pass.com\/es\/\",\"name\":\"Explore Pass\",\"description\":\"See the Best for Less\",\"publisher\":{\"@id\":\"https:\/\/explore-pass.com\/es\/#organization\"},\"potentialAction\":[{\"@type\":\"SearchAction\",\"target\":{\"@type\":\"EntryPoint\",\"urlTemplate\":\"https:\/\/explore-pass.com\/es\/?s={search_term_string}\"},\"query-input\":{\"@type\":\"PropertyValueSpecification\",\"valueRequired\":true,\"valueName\":\"search_term_string\"}}],\"inLanguage\":\"es\"},{\"@type\":\"Organization\",\"@id\":\"https:\/\/explore-pass.com\/es\/#organization\",\"name\":\"Explore Pass\",\"url\":\"https:\/\/explore-pass.com\/es\/\",\"logo\":{\"@type\":\"ImageObject\",\"inLanguage\":\"es\",\"@id\":\"https:\/\/explore-pass.com\/es\/#\/schema\/logo\/image\/\",\"url\":\"https:\/\/explore-pass.com\/wp-content\/uploads\/2022\/07\/Logo-black-with-background.png\",\"contentUrl\":\"https:\/\/explore-pass.com\/wp-content\/uploads\/2022\/07\/Logo-black-with-background.png\",\"width\":1340,\"height\":615,\"caption\":\"Explore Pass\"},\"image\":{\"@id\":\"https:\/\/explore-pass.com\/es\/#\/schema\/logo\/image\/\"},\"sameAs\":[\"https:\/\/www.instagram.com\/explorepassofficial\/\",\"https:\/\/www.tiktok.com\/@explorepass\"]}]}<\/script>\n<!-- \/ Yoast SEO plugin. -->","yoast_head_json":{"title":"Madame Tussauds Wax Museum - Explore Pass","description":"Enjoy Madame Tussauds Wax Museum with your Explore Pass - build your perfect itinerary and explore Amsterdam at your own pace.","robots":{"index":"index","follow":"follow","max-snippet":"max-snippet:-1","max-image-preview":"max-image-preview:large","max-video-preview":"max-video-preview:-1"},"canonical":"https:\/\/explore-pass.com\/es\/pass\/amsterdam-madame-tussauds\/","og_locale":"es_ES","og_type":"article","og_title":"Madame Tussauds Wax Museum - Explore Pass","og_description":"Enjoy Madame Tussauds Wax Museum with your Explore Pass - build your perfect itinerary and explore Amsterdam at your own pace.","og_url":"https:\/\/explore-pass.com\/es\/pass\/amsterdam-madame-tussauds\/","og_site_name":"Explore Pass","article_modified_time":"2026-03-19T12:15:05+00:00","og_image":[{"width":1600,"height":900,"url":"https:\/\/explore-pass.com\/wp-content\/uploads\/2022\/08\/Madame-Tussauds-copy.jpg","type":"image\/jpeg"}],"twitter_card":"summary_large_image","twitter_misc":{"Tiempo de lectura":"1 minuto"},"schema":{"@context":"https:\/\/schema.org","@graph":[{"@type":"WebPage","@id":"https:\/\/explore-pass.com\/pass\/amsterdam-madame-tussauds\/","url":"https:\/\/explore-pass.com\/pass\/amsterdam-madame-tussauds\/","name":"Madame Tussauds Wax Museum - Explore Pass","isPartOf":{"@id":"https:\/\/explore-pass.com\/es\/#website"},"primaryImageOfPage":{"@id":"https:\/\/explore-pass.com\/pass\/amsterdam-madame-tussauds\/#primaryimage"},"image":{"@id":"https:\/\/explore-pass.com\/pass\/amsterdam-madame-tussauds\/#primaryimage"},"thumbnailUrl":"https:\/\/explore-pass.com\/wp-content\/uploads\/2022\/08\/Madame-Tussauds-copy.jpg","datePublished":"2022-08-03T15:11:58+00:00","dateModified":"2026-03-19T12:15:05+00:00","description":"Enjoy Madame Tussauds Wax Museum with your Explore Pass - build your perfect itinerary and explore Amsterdam at your own pace.","breadcrumb":{"@id":"https:\/\/explore-pass.com\/pass\/amsterdam-madame-tussauds\/#breadcrumb"},"inLanguage":"es","potentialAction":[{"@type":"ReadAction","target":["https:\/\/explore-pass.com\/pass\/amsterdam-madame-tussauds\/"]}]},{"@type":"ImageObject","inLanguage":"es","@id":"https:\/\/explore-pass.com\/pass\/amsterdam-madame-tussauds\/#primaryimage","url":"https:\/\/explore-pass.com\/wp-content\/uploads\/2022\/08\/Madame-Tussauds-copy.jpg","contentUrl":"https:\/\/explore-pass.com\/wp-content\/uploads\/2022\/08\/Madame-Tussauds-copy.jpg","width":1600,"height":900,"caption":"Madame Tussauds Amsterdam"},{"@type":"BreadcrumbList","@id":"https:\/\/explore-pass.com\/pass\/amsterdam-madame-tussauds\/#breadcrumb","itemListElement":[{"@type":"ListItem","position":1,"name":"Home","item":"https:\/\/explore-pass.com\/en\/"},{"@type":"ListItem","position":2,"name":"Shop","item":"https:\/\/explore-pass.com\/shop\/"},{"@type":"ListItem","position":3,"name":"Madame Tussauds Wax Museum"}]},{"@type":"WebSite","@id":"https:\/\/explore-pass.com\/es\/#website","url":"https:\/\/explore-pass.com\/es\/","name":"Explore Pass","description":"See the Best for Less","publisher":{"@id":"https:\/\/explore-pass.com\/es\/#organization"},"potentialAction":[{"@type":"SearchAction","target":{"@type":"EntryPoint","urlTemplate":"https:\/\/explore-pass.com\/es\/?s={search_term_string}"},"query-input":{"@type":"PropertyValueSpecification","valueRequired":true,"valueName":"search_term_string"}}],"inLanguage":"es"},{"@type":"Organization","@id":"https:\/\/explore-pass.com\/es\/#organization","name":"Explore Pass","url":"https:\/\/explore-pass.com\/es\/","logo":{"@type":"ImageObject","inLanguage":"es","@id":"https:\/\/explore-pass.com\/es\/#\/schema\/logo\/image\/","url":"https:\/\/explore-pass.com\/wp-content\/uploads\/2022\/07\/Logo-black-with-background.png","contentUrl":"https:\/\/explore-pass.com\/wp-content\/uploads\/2022\/07\/Logo-black-with-background.png","width":1340,"height":615,"caption":"Explore Pass"},"image":{"@id":"https:\/\/explore-pass.com\/es\/#\/schema\/logo\/image\/"},"sameAs":["https:\/\/www.instagram.com\/explorepassofficial\/","https:\/\/www.tiktok.com\/@explorepass"]}]}},"_links":{"self":[{"href":"https:\/\/explore-pass.com\/es\/wp-json\/wp\/v2\/product\/3200"}],"collection":[{"href":"https:\/\/explore-pass.com\/es\/wp-json\/wp\/v2\/product"}],"about":[{"href":"https:\/\/explore-pass.com\/es\/wp-json\/wp\/v2\/types\/product"}],"wp:featuredmedia":[{"embeddable":true,"href":"https:\/\/explore-pass.com\/es\/wp-json\/wp\/v2\/media\/3201"}],"wp:attachment":[{"href":"https:\/\/explore-pass.com\/es\/wp-json\/wp\/v2\/media?parent=3200"}],"wp:term":[{"taxonomy":"product_cat","embeddable":true,"href":"https:\/\/explore-pass.com\/es\/wp-json\/wp\/v2\/product_cat?post=3200"},{"taxonomy":"product_tag","embeddable":true,"href":"https:\/\/explore-pass.com\/es\/wp-json\/wp\/v2\/product_tag?post=3200"}],"curies":[{"name":"wp","href":"https:\/\/api.w.org\/{rel}","templated":true}]}}