{"id":3167,"date":"2022-08-03T14:51:22","date_gmt":"2022-08-03T14:51:22","guid":{"rendered":"https:\/\/tgi.openpass.co.uk\/?post_type=product&#038;p=3167"},"modified":"2025-02-03T15:33:45","modified_gmt":"2025-02-03T15:33:45","slug":"dutch-resistance-museum","status":"publish","type":"product","link":"https:\/\/explore-pass.com\/es\/pass\/dutch-resistance-museum\/","title":{"rendered":"<p>Museo de la Resistencia Holandesa<\/p>"},"content":{"rendered":"<p>Cuando la Alemania nazi bombarde\u00f3 Rotterdam en mayo de 1940, los Pa\u00edses Bajos se rindieron y el pa\u00eds fue ocupado. A partir de entonces hab\u00eda que cooperar, unirse o resistir. El museo se centra en el dilema y la dureza de tomar una decisi\u00f3n. Descubre c\u00f3mo la resistencia holandesa se esforz\u00f3 por ayudar a los jud\u00edos y a otras personas oprimidas por los ocupantes. La colecci\u00f3n muestra objetos personales de miembros de la resistencia, documentos, peri\u00f3dicos clandestinos, rutas de huida y mucho m\u00e1s para contar y mostrar realmente la historia de la resistencia de la Segunda Guerra Mundial.<p>Para m\u00e1s informaci\u00f3n y horarios de apertura, visita verzetsmuseum.org<\/p><\/p>","protected":false},"excerpt":{"rendered":"<p>El Museo de la Resistencia Holandesa te traslada a los a\u00f1os cuarenta y a la \u00e9poca de la ocupaci\u00f3n alemana nazi de los Pa\u00edses Bajos durante la Segunda Guerra Mundial. \u00bfCooperar\u00edas, te unir\u00edas a los nazis o resistir\u00edas?<\/p>","protected":false},"featured_media":3168,"template":"","meta":{"_acf_changed":false,"_monsterinsights_skip_tracking":false,"_monsterinsights_sitenote_active":false,"_monsterinsights_sitenote_note":"","_monsterinsights_sitenote_category":0},"product_cat":[26,39,36],"product_tag":[34],"class_list":{"0":"post-3167","1":"product","2":"type-product","3":"status-publish","4":"has-post-thumbnail","6":"product_cat-attraction-amsterdam-pass","7":"product_cat-family-friendly","8":"product_cat-museum","9":"product_tag-amsterdam","11":"first","12":"instock","13":"shipping-taxable","14":"product-type-simple"},"acf":[],"yoast_head":"<!-- This site is optimized with the Yoast SEO plugin v23.8 - https:\/\/yoast.com\/wordpress\/plugins\/seo\/ -->\n<title>Dutch Resistance Museum - Explore Pass<\/title>\n<meta name=\"description\" content=\"Enjoy the Dutch Resistance Museum with your Explore Pass - build your perfect itinerary and explore Amsterdam at your own pace.\" \/>\n<meta name=\"robots\" content=\"index, follow, max-snippet:-1, max-image-preview:large, max-video-preview:-1\" \/>\n<link rel=\"canonical\" href=\"https:\/\/explore-pass.com\/es\/pass\/dutch-resistance-museum\/\" \/>\n<meta property=\"og:locale\" content=\"es_ES\" \/>\n<meta property=\"og:type\" content=\"article\" \/>\n<meta property=\"og:title\" content=\"Dutch Resistance Museum - Explore Pass\" \/>\n<meta property=\"og:description\" content=\"Enjoy the Dutch Resistance Museum with your Explore Pass - build your perfect itinerary and explore Amsterdam at your own pace.\" \/>\n<meta property=\"og:url\" content=\"https:\/\/explore-pass.com\/es\/pass\/dutch-resistance-museum\/\" \/>\n<meta property=\"og:site_name\" content=\"Explore Pass\" \/>\n<meta property=\"article:modified_time\" content=\"2025-02-03T15:33:45+00:00\" \/>\n<meta property=\"og:image\" content=\"https:\/\/explore-pass.com\/wp-content\/uploads\/2022\/08\/Dutch-resistance-museum-copy.jpg\" \/>\n\t<meta property=\"og:image:width\" content=\"1600\" \/>\n\t<meta property=\"og:image:height\" content=\"900\" \/>\n\t<meta property=\"og:image:type\" content=\"image\/jpeg\" \/>\n<meta name=\"twitter:card\" content=\"summary_large_image\" \/>\n<meta name=\"twitter:label1\" content=\"Tiempo de lectura\" \/>\n\t<meta name=\"twitter:data1\" content=\"1 minuto\" \/>\n<script type=\"application\/ld+json\" class=\"yoast-schema-graph\">{\"@context\":\"https:\/\/schema.org\",\"@graph\":[{\"@type\":\"WebPage\",\"@id\":\"https:\/\/explore-pass.com\/pass\/dutch-resistance-museum\/\",\"url\":\"https:\/\/explore-pass.com\/pass\/dutch-resistance-museum\/\",\"name\":\"Dutch Resistance Museum - Explore Pass\",\"isPartOf\":{\"@id\":\"https:\/\/explore-pass.com\/es\/#website\"},\"primaryImageOfPage\":{\"@id\":\"https:\/\/explore-pass.com\/pass\/dutch-resistance-museum\/#primaryimage\"},\"image\":{\"@id\":\"https:\/\/explore-pass.com\/pass\/dutch-resistance-museum\/#primaryimage\"},\"thumbnailUrl\":\"https:\/\/explore-pass.com\/wp-content\/uploads\/2022\/08\/Dutch-resistance-museum-copy.jpg\",\"datePublished\":\"2022-08-03T14:51:22+00:00\",\"dateModified\":\"2025-02-03T15:33:45+00:00\",\"description\":\"Enjoy the Dutch Resistance Museum with your Explore Pass - build your perfect itinerary and explore Amsterdam at your own pace.\",\"breadcrumb\":{\"@id\":\"https:\/\/explore-pass.com\/pass\/dutch-resistance-museum\/#breadcrumb\"},\"inLanguage\":\"es\",\"potentialAction\":[{\"@type\":\"ReadAction\",\"target\":[\"https:\/\/explore-pass.com\/pass\/dutch-resistance-museum\/\"]}]},{\"@type\":\"ImageObject\",\"inLanguage\":\"es\",\"@id\":\"https:\/\/explore-pass.com\/pass\/dutch-resistance-museum\/#primaryimage\",\"url\":\"https:\/\/explore-pass.com\/wp-content\/uploads\/2022\/08\/Dutch-resistance-museum-copy.jpg\",\"contentUrl\":\"https:\/\/explore-pass.com\/wp-content\/uploads\/2022\/08\/Dutch-resistance-museum-copy.jpg\",\"width\":1600,\"height\":900,\"caption\":\"Dutch Resistance Museum\"},{\"@type\":\"BreadcrumbList\",\"@id\":\"https:\/\/explore-pass.com\/pass\/dutch-resistance-museum\/#breadcrumb\",\"itemListElement\":[{\"@type\":\"ListItem\",\"position\":1,\"name\":\"Home\",\"item\":\"https:\/\/explore-pass.com\/en\/\"},{\"@type\":\"ListItem\",\"position\":2,\"name\":\"Shop\",\"item\":\"https:\/\/explore-pass.com\/shop\/\"},{\"@type\":\"ListItem\",\"position\":3,\"name\":\"Dutch Resistance Museum\"}]},{\"@type\":\"WebSite\",\"@id\":\"https:\/\/explore-pass.com\/es\/#website\",\"url\":\"https:\/\/explore-pass.com\/es\/\",\"name\":\"Explore Pass\",\"description\":\"See the Best for Less\",\"publisher\":{\"@id\":\"https:\/\/explore-pass.com\/es\/#organization\"},\"potentialAction\":[{\"@type\":\"SearchAction\",\"target\":{\"@type\":\"EntryPoint\",\"urlTemplate\":\"https:\/\/explore-pass.com\/es\/?s={search_term_string}\"},\"query-input\":{\"@type\":\"PropertyValueSpecification\",\"valueRequired\":true,\"valueName\":\"search_term_string\"}}],\"inLanguage\":\"es\"},{\"@type\":\"Organization\",\"@id\":\"https:\/\/explore-pass.com\/es\/#organization\",\"name\":\"Explore Pass\",\"url\":\"https:\/\/explore-pass.com\/es\/\",\"logo\":{\"@type\":\"ImageObject\",\"inLanguage\":\"es\",\"@id\":\"https:\/\/explore-pass.com\/es\/#\/schema\/logo\/image\/\",\"url\":\"https:\/\/explore-pass.com\/wp-content\/uploads\/2022\/07\/Logo-black-with-background.png\",\"contentUrl\":\"https:\/\/explore-pass.com\/wp-content\/uploads\/2022\/07\/Logo-black-with-background.png\",\"width\":1340,\"height\":615,\"caption\":\"Explore Pass\"},\"image\":{\"@id\":\"https:\/\/explore-pass.com\/es\/#\/schema\/logo\/image\/\"},\"sameAs\":[\"https:\/\/www.instagram.com\/explorepassofficial\/\",\"https:\/\/www.tiktok.com\/@explorepass\"]}]}<\/script>\n<!-- \/ Yoast SEO plugin. -->","yoast_head_json":{"title":"Dutch Resistance Museum - Explore Pass","description":"Enjoy the Dutch Resistance Museum with your Explore Pass - build your perfect itinerary and explore Amsterdam at your own pace.","robots":{"index":"index","follow":"follow","max-snippet":"max-snippet:-1","max-image-preview":"max-image-preview:large","max-video-preview":"max-video-preview:-1"},"canonical":"https:\/\/explore-pass.com\/es\/pass\/dutch-resistance-museum\/","og_locale":"es_ES","og_type":"article","og_title":"Dutch Resistance Museum - Explore Pass","og_description":"Enjoy the Dutch Resistance Museum with your Explore Pass - build your perfect itinerary and explore Amsterdam at your own pace.","og_url":"https:\/\/explore-pass.com\/es\/pass\/dutch-resistance-museum\/","og_site_name":"Explore Pass","article_modified_time":"2025-02-03T15:33:45+00:00","og_image":[{"width":1600,"height":900,"url":"https:\/\/explore-pass.com\/wp-content\/uploads\/2022\/08\/Dutch-resistance-museum-copy.jpg","type":"image\/jpeg"}],"twitter_card":"summary_large_image","twitter_misc":{"Tiempo de lectura":"1 minuto"},"schema":{"@context":"https:\/\/schema.org","@graph":[{"@type":"WebPage","@id":"https:\/\/explore-pass.com\/pass\/dutch-resistance-museum\/","url":"https:\/\/explore-pass.com\/pass\/dutch-resistance-museum\/","name":"Dutch Resistance Museum - Explore Pass","isPartOf":{"@id":"https:\/\/explore-pass.com\/es\/#website"},"primaryImageOfPage":{"@id":"https:\/\/explore-pass.com\/pass\/dutch-resistance-museum\/#primaryimage"},"image":{"@id":"https:\/\/explore-pass.com\/pass\/dutch-resistance-museum\/#primaryimage"},"thumbnailUrl":"https:\/\/explore-pass.com\/wp-content\/uploads\/2022\/08\/Dutch-resistance-museum-copy.jpg","datePublished":"2022-08-03T14:51:22+00:00","dateModified":"2025-02-03T15:33:45+00:00","description":"Enjoy the Dutch Resistance Museum with your Explore Pass - build your perfect itinerary and explore Amsterdam at your own pace.","breadcrumb":{"@id":"https:\/\/explore-pass.com\/pass\/dutch-resistance-museum\/#breadcrumb"},"inLanguage":"es","potentialAction":[{"@type":"ReadAction","target":["https:\/\/explore-pass.com\/pass\/dutch-resistance-museum\/"]}]},{"@type":"ImageObject","inLanguage":"es","@id":"https:\/\/explore-pass.com\/pass\/dutch-resistance-museum\/#primaryimage","url":"https:\/\/explore-pass.com\/wp-content\/uploads\/2022\/08\/Dutch-resistance-museum-copy.jpg","contentUrl":"https:\/\/explore-pass.com\/wp-content\/uploads\/2022\/08\/Dutch-resistance-museum-copy.jpg","width":1600,"height":900,"caption":"Dutch Resistance Museum"},{"@type":"BreadcrumbList","@id":"https:\/\/explore-pass.com\/pass\/dutch-resistance-museum\/#breadcrumb","itemListElement":[{"@type":"ListItem","position":1,"name":"Home","item":"https:\/\/explore-pass.com\/en\/"},{"@type":"ListItem","position":2,"name":"Shop","item":"https:\/\/explore-pass.com\/shop\/"},{"@type":"ListItem","position":3,"name":"Dutch Resistance Museum"}]},{"@type":"WebSite","@id":"https:\/\/explore-pass.com\/es\/#website","url":"https:\/\/explore-pass.com\/es\/","name":"Explore Pass","description":"See the Best for Less","publisher":{"@id":"https:\/\/explore-pass.com\/es\/#organization"},"potentialAction":[{"@type":"SearchAction","target":{"@type":"EntryPoint","urlTemplate":"https:\/\/explore-pass.com\/es\/?s={search_term_string}"},"query-input":{"@type":"PropertyValueSpecification","valueRequired":true,"valueName":"search_term_string"}}],"inLanguage":"es"},{"@type":"Organization","@id":"https:\/\/explore-pass.com\/es\/#organization","name":"Explore Pass","url":"https:\/\/explore-pass.com\/es\/","logo":{"@type":"ImageObject","inLanguage":"es","@id":"https:\/\/explore-pass.com\/es\/#\/schema\/logo\/image\/","url":"https:\/\/explore-pass.com\/wp-content\/uploads\/2022\/07\/Logo-black-with-background.png","contentUrl":"https:\/\/explore-pass.com\/wp-content\/uploads\/2022\/07\/Logo-black-with-background.png","width":1340,"height":615,"caption":"Explore Pass"},"image":{"@id":"https:\/\/explore-pass.com\/es\/#\/schema\/logo\/image\/"},"sameAs":["https:\/\/www.instagram.com\/explorepassofficial\/","https:\/\/www.tiktok.com\/@explorepass"]}]}},"_links":{"self":[{"href":"https:\/\/explore-pass.com\/es\/wp-json\/wp\/v2\/product\/3167"}],"collection":[{"href":"https:\/\/explore-pass.com\/es\/wp-json\/wp\/v2\/product"}],"about":[{"href":"https:\/\/explore-pass.com\/es\/wp-json\/wp\/v2\/types\/product"}],"wp:featuredmedia":[{"embeddable":true,"href":"https:\/\/explore-pass.com\/es\/wp-json\/wp\/v2\/media\/3168"}],"wp:attachment":[{"href":"https:\/\/explore-pass.com\/es\/wp-json\/wp\/v2\/media?parent=3167"}],"wp:term":[{"taxonomy":"product_cat","embeddable":true,"href":"https:\/\/explore-pass.com\/es\/wp-json\/wp\/v2\/product_cat?post=3167"},{"taxonomy":"product_tag","embeddable":true,"href":"https:\/\/explore-pass.com\/es\/wp-json\/wp\/v2\/product_tag?post=3167"}],"curies":[{"name":"wp","href":"https:\/\/api.w.org\/{rel}","templated":true}]}}