{"id":8382,"date":"2025-06-23T08:28:28","date_gmt":"2025-06-23T08:28:28","guid":{"rendered":"https:\/\/explore-pass.com\/?post_type=product&#038;p=8382"},"modified":"2026-01-20T09:57:18","modified_gmt":"2026-01-20T09:57:18","slug":"dutch-food-tour","status":"publish","type":"product","link":"https:\/\/explore-pass.com\/de\/pass\/dutch-food-tour\/","title":{"rendered":"<p>Dutch Food Tour<\/p>"},"content":{"rendered":"<p>Das Beste an einer St\u00e4dtereise? Das Essen nat\u00fcrlich! Entdecken Sie die niederl\u00e4ndische K\u00fcche auf unterhaltsame Weise bei einem Spaziergang durch Amsterdam. Nehmen Sie an der niederl\u00e4ndischen Food-Tour teil und probieren Sie sich durch die Kultur!<p>\u00d6ffnen Sie Ihren Gaumen f\u00fcr niederl\u00e4ndische K\u00f6stlichkeiten wie rohen Hering mit rohen Zwiebeln und beliebte Klassiker wie holl\u00e4ndischen K\u00e4se und Pfannkuchen. An jedem Halt werden Getr\u00e4nke serviert, darunter klassisches niederl\u00e4ndisches Bier, Kaffee oder Limonade. Entdecken Sie all dies auf dieser Tour mit Ihrem englischsprachigen Reiseleiter.<\/p><\/p>","protected":false},"excerpt":{"rendered":"<p>The best part of a city trip? The food of course! Explore Dutch cuisine in a fun way with a walking trip around Amsterdam. Join the Dutch food tour and taste the culture! Open your mind to Dutch delicacies, like raw herring with uncooked unions and fan favourites like Dutch cheese and pancakes. Drinks will [&hellip;]<\/p>","protected":false},"featured_media":8383,"template":"","meta":{"_acf_changed":false,"_monsterinsights_skip_tracking":false,"_monsterinsights_sitenote_active":false,"_monsterinsights_sitenote_note":"","_monsterinsights_sitenote_category":0},"product_cat":[26,39,37],"product_tag":[34],"class_list":{"0":"post-8382","1":"product","2":"type-product","3":"status-publish","4":"has-post-thumbnail","6":"product_cat-attraction-amsterdam-pass","7":"product_cat-family-friendly","8":"product_cat-tour","9":"product_tag-amsterdam","11":"first","12":"instock","13":"shipping-taxable","14":"product-type-simple"},"acf":[],"yoast_head":"<!-- This site is optimized with the Yoast SEO plugin v23.8 - https:\/\/yoast.com\/wordpress\/plugins\/seo\/ -->\n<title>Dutch Food Tour - Explore Pass<\/title>\n<meta name=\"description\" content=\"Experience the best of Dutch culture by eating your way through Amsterdam! Follow your guide and discover true Dutch cuisine!\" \/>\n<meta name=\"robots\" content=\"index, follow, max-snippet:-1, max-image-preview:large, max-video-preview:-1\" \/>\n<link rel=\"canonical\" href=\"https:\/\/explore-pass.com\/de\/pass\/dutch-food-tour\/\" \/>\n<meta property=\"og:locale\" content=\"de_DE\" \/>\n<meta property=\"og:type\" content=\"article\" \/>\n<meta property=\"og:title\" content=\"Dutch Food Tour - Explore Pass\" \/>\n<meta property=\"og:description\" content=\"Experience the best of Dutch culture by eating your way through Amsterdam! Follow your guide and discover true Dutch cuisine!\" \/>\n<meta property=\"og:url\" content=\"https:\/\/explore-pass.com\/de\/pass\/dutch-food-tour\/\" \/>\n<meta property=\"og:site_name\" content=\"Explore Pass\" \/>\n<meta property=\"article:modified_time\" content=\"2026-01-20T09:57:18+00:00\" \/>\n<meta property=\"og:image\" content=\"https:\/\/explore-pass.com\/wp-content\/uploads\/2025\/06\/shutterstock_706642213-scaled.jpg\" \/>\n\t<meta property=\"og:image:width\" content=\"2560\" \/>\n\t<meta property=\"og:image:height\" content=\"1709\" \/>\n\t<meta property=\"og:image:type\" content=\"image\/jpeg\" \/>\n<meta name=\"twitter:card\" content=\"summary_large_image\" \/>\n<meta name=\"twitter:label1\" content=\"Gesch\u00e4tzte Lesezeit\" \/>\n\t<meta name=\"twitter:data1\" content=\"1\u00a0Minute\" \/>\n<script type=\"application\/ld+json\" class=\"yoast-schema-graph\">{\"@context\":\"https:\/\/schema.org\",\"@graph\":[{\"@type\":\"WebPage\",\"@id\":\"https:\/\/explore-pass.com\/pass\/dutch-food-tour\/\",\"url\":\"https:\/\/explore-pass.com\/pass\/dutch-food-tour\/\",\"name\":\"Dutch Food Tour - Explore Pass\",\"isPartOf\":{\"@id\":\"https:\/\/explore-pass.com\/es\/#website\"},\"primaryImageOfPage\":{\"@id\":\"https:\/\/explore-pass.com\/pass\/dutch-food-tour\/#primaryimage\"},\"image\":{\"@id\":\"https:\/\/explore-pass.com\/pass\/dutch-food-tour\/#primaryimage\"},\"thumbnailUrl\":\"https:\/\/explore-pass.com\/wp-content\/uploads\/2025\/06\/shutterstock_706642213-scaled.jpg\",\"datePublished\":\"2025-06-23T08:28:28+00:00\",\"dateModified\":\"2026-01-20T09:57:18+00:00\",\"description\":\"Experience the best of Dutch culture by eating your way through Amsterdam! Follow your guide and discover true Dutch cuisine!\",\"breadcrumb\":{\"@id\":\"https:\/\/explore-pass.com\/pass\/dutch-food-tour\/#breadcrumb\"},\"inLanguage\":\"de\",\"potentialAction\":[{\"@type\":\"ReadAction\",\"target\":[\"https:\/\/explore-pass.com\/pass\/dutch-food-tour\/\"]}]},{\"@type\":\"ImageObject\",\"inLanguage\":\"de\",\"@id\":\"https:\/\/explore-pass.com\/pass\/dutch-food-tour\/#primaryimage\",\"url\":\"https:\/\/explore-pass.com\/wp-content\/uploads\/2025\/06\/shutterstock_706642213-scaled.jpg\",\"contentUrl\":\"https:\/\/explore-pass.com\/wp-content\/uploads\/2025\/06\/shutterstock_706642213-scaled.jpg\",\"width\":2560,\"height\":1709,\"caption\":\"Dutch food tour herring\"},{\"@type\":\"BreadcrumbList\",\"@id\":\"https:\/\/explore-pass.com\/pass\/dutch-food-tour\/#breadcrumb\",\"itemListElement\":[{\"@type\":\"ListItem\",\"position\":1,\"name\":\"Home\",\"item\":\"https:\/\/explore-pass.com\/en\/\"},{\"@type\":\"ListItem\",\"position\":2,\"name\":\"Shop\",\"item\":\"https:\/\/explore-pass.com\/shop\/\"},{\"@type\":\"ListItem\",\"position\":3,\"name\":\"Dutch Food Tour\"}]},{\"@type\":\"WebSite\",\"@id\":\"https:\/\/explore-pass.com\/es\/#website\",\"url\":\"https:\/\/explore-pass.com\/es\/\",\"name\":\"Explore Pass\",\"description\":\"See the Best for Less\",\"publisher\":{\"@id\":\"https:\/\/explore-pass.com\/es\/#organization\"},\"potentialAction\":[{\"@type\":\"SearchAction\",\"target\":{\"@type\":\"EntryPoint\",\"urlTemplate\":\"https:\/\/explore-pass.com\/es\/?s={search_term_string}\"},\"query-input\":{\"@type\":\"PropertyValueSpecification\",\"valueRequired\":true,\"valueName\":\"search_term_string\"}}],\"inLanguage\":\"de\"},{\"@type\":\"Organization\",\"@id\":\"https:\/\/explore-pass.com\/es\/#organization\",\"name\":\"Explore Pass\",\"url\":\"https:\/\/explore-pass.com\/es\/\",\"logo\":{\"@type\":\"ImageObject\",\"inLanguage\":\"de\",\"@id\":\"https:\/\/explore-pass.com\/es\/#\/schema\/logo\/image\/\",\"url\":\"https:\/\/explore-pass.com\/wp-content\/uploads\/2022\/07\/Logo-black-with-background.png\",\"contentUrl\":\"https:\/\/explore-pass.com\/wp-content\/uploads\/2022\/07\/Logo-black-with-background.png\",\"width\":1340,\"height\":615,\"caption\":\"Explore Pass\"},\"image\":{\"@id\":\"https:\/\/explore-pass.com\/es\/#\/schema\/logo\/image\/\"},\"sameAs\":[\"https:\/\/www.instagram.com\/explorepassofficial\/\",\"https:\/\/www.tiktok.com\/@explorepass\"]}]}<\/script>\n<!-- \/ Yoast SEO plugin. -->","yoast_head_json":{"title":"Dutch Food Tour - Explore Pass","description":"Experience the best of Dutch culture by eating your way through Amsterdam! Follow your guide and discover true Dutch cuisine!","robots":{"index":"index","follow":"follow","max-snippet":"max-snippet:-1","max-image-preview":"max-image-preview:large","max-video-preview":"max-video-preview:-1"},"canonical":"https:\/\/explore-pass.com\/de\/pass\/dutch-food-tour\/","og_locale":"de_DE","og_type":"article","og_title":"Dutch Food Tour - Explore Pass","og_description":"Experience the best of Dutch culture by eating your way through Amsterdam! Follow your guide and discover true Dutch cuisine!","og_url":"https:\/\/explore-pass.com\/de\/pass\/dutch-food-tour\/","og_site_name":"Explore Pass","article_modified_time":"2026-01-20T09:57:18+00:00","og_image":[{"width":2560,"height":1709,"url":"https:\/\/explore-pass.com\/wp-content\/uploads\/2025\/06\/shutterstock_706642213-scaled.jpg","type":"image\/jpeg"}],"twitter_card":"summary_large_image","twitter_misc":{"Gesch\u00e4tzte Lesezeit":"1\u00a0Minute"},"schema":{"@context":"https:\/\/schema.org","@graph":[{"@type":"WebPage","@id":"https:\/\/explore-pass.com\/pass\/dutch-food-tour\/","url":"https:\/\/explore-pass.com\/pass\/dutch-food-tour\/","name":"Dutch Food Tour - Explore Pass","isPartOf":{"@id":"https:\/\/explore-pass.com\/es\/#website"},"primaryImageOfPage":{"@id":"https:\/\/explore-pass.com\/pass\/dutch-food-tour\/#primaryimage"},"image":{"@id":"https:\/\/explore-pass.com\/pass\/dutch-food-tour\/#primaryimage"},"thumbnailUrl":"https:\/\/explore-pass.com\/wp-content\/uploads\/2025\/06\/shutterstock_706642213-scaled.jpg","datePublished":"2025-06-23T08:28:28+00:00","dateModified":"2026-01-20T09:57:18+00:00","description":"Experience the best of Dutch culture by eating your way through Amsterdam! Follow your guide and discover true Dutch cuisine!","breadcrumb":{"@id":"https:\/\/explore-pass.com\/pass\/dutch-food-tour\/#breadcrumb"},"inLanguage":"de","potentialAction":[{"@type":"ReadAction","target":["https:\/\/explore-pass.com\/pass\/dutch-food-tour\/"]}]},{"@type":"ImageObject","inLanguage":"de","@id":"https:\/\/explore-pass.com\/pass\/dutch-food-tour\/#primaryimage","url":"https:\/\/explore-pass.com\/wp-content\/uploads\/2025\/06\/shutterstock_706642213-scaled.jpg","contentUrl":"https:\/\/explore-pass.com\/wp-content\/uploads\/2025\/06\/shutterstock_706642213-scaled.jpg","width":2560,"height":1709,"caption":"Dutch food tour herring"},{"@type":"BreadcrumbList","@id":"https:\/\/explore-pass.com\/pass\/dutch-food-tour\/#breadcrumb","itemListElement":[{"@type":"ListItem","position":1,"name":"Home","item":"https:\/\/explore-pass.com\/en\/"},{"@type":"ListItem","position":2,"name":"Shop","item":"https:\/\/explore-pass.com\/shop\/"},{"@type":"ListItem","position":3,"name":"Dutch Food Tour"}]},{"@type":"WebSite","@id":"https:\/\/explore-pass.com\/es\/#website","url":"https:\/\/explore-pass.com\/es\/","name":"Explore Pass","description":"See the Best for Less","publisher":{"@id":"https:\/\/explore-pass.com\/es\/#organization"},"potentialAction":[{"@type":"SearchAction","target":{"@type":"EntryPoint","urlTemplate":"https:\/\/explore-pass.com\/es\/?s={search_term_string}"},"query-input":{"@type":"PropertyValueSpecification","valueRequired":true,"valueName":"search_term_string"}}],"inLanguage":"de"},{"@type":"Organization","@id":"https:\/\/explore-pass.com\/es\/#organization","name":"Explore Pass","url":"https:\/\/explore-pass.com\/es\/","logo":{"@type":"ImageObject","inLanguage":"de","@id":"https:\/\/explore-pass.com\/es\/#\/schema\/logo\/image\/","url":"https:\/\/explore-pass.com\/wp-content\/uploads\/2022\/07\/Logo-black-with-background.png","contentUrl":"https:\/\/explore-pass.com\/wp-content\/uploads\/2022\/07\/Logo-black-with-background.png","width":1340,"height":615,"caption":"Explore Pass"},"image":{"@id":"https:\/\/explore-pass.com\/es\/#\/schema\/logo\/image\/"},"sameAs":["https:\/\/www.instagram.com\/explorepassofficial\/","https:\/\/www.tiktok.com\/@explorepass"]}]}},"_links":{"self":[{"href":"https:\/\/explore-pass.com\/de\/wp-json\/wp\/v2\/product\/8382"}],"collection":[{"href":"https:\/\/explore-pass.com\/de\/wp-json\/wp\/v2\/product"}],"about":[{"href":"https:\/\/explore-pass.com\/de\/wp-json\/wp\/v2\/types\/product"}],"wp:featuredmedia":[{"embeddable":true,"href":"https:\/\/explore-pass.com\/de\/wp-json\/wp\/v2\/media\/8383"}],"wp:attachment":[{"href":"https:\/\/explore-pass.com\/de\/wp-json\/wp\/v2\/media?parent=8382"}],"wp:term":[{"taxonomy":"product_cat","embeddable":true,"href":"https:\/\/explore-pass.com\/de\/wp-json\/wp\/v2\/product_cat?post=8382"},{"taxonomy":"product_tag","embeddable":true,"href":"https:\/\/explore-pass.com\/de\/wp-json\/wp\/v2\/product_tag?post=8382"}],"curies":[{"name":"wp","href":"https:\/\/api.w.org\/{rel}","templated":true}]}}