{"id":3224,"date":"2022-08-03T15:23:19","date_gmt":"2022-08-03T15:23:19","guid":{"rendered":"https:\/\/tgi.openpass.co.uk\/?post_type=product&#038;p=3224"},"modified":"2026-02-02T15:22:55","modified_gmt":"2026-02-02T15:22:55","slug":"amsterdam-ripleys-believe-it-or-not","status":"publish","type":"product","link":"https:\/\/explore-pass.com\/de\/pass\/amsterdam-ripleys-believe-it-or-not\/","title":{"rendered":"<p>Ripley\u2019s Believe It or Not!<\/p>"},"content":{"rendered":"<p>Im seltsamsten Museum der Welt werden Sie au\u00dfergew\u00f6hnliche Menschen treffen, seltene Kunstwerke betrachten und tausend willk\u00fcrliche Fakten erfahren. Entdecken Sie au\u00dfergew\u00f6hnliche Volksst\u00e4mme und ihre Br\u00e4uche, spielen Sie mit optischen T\u00e4uschungen und erfahren Sie mehr \u00fcber mittelalterliche Foltermaschinen. Alles in einem einzigen Geb\u00e4ude!\u00a0Die verr\u00fcckte Sammlung wurde von dem Entdecker und Weltreisenden Robert Ripley zusammengestellt. Sind Sie auch so neugierig wie Ripley?<p>Weitere Informationen und \u00d6ffnungszeiten finden Sie unter <a href=\"https:\/\/www.ripleys.com\/amsterdam\/\">ripleys.com\/amsterdam<\/a><\/p><\/p>","protected":false},"excerpt":{"rendered":"<p>Treten Sie ein in die Welt des Unglaublichen und Bizarren in Ripley?s Believe it or Not Amsterdam, wo Sie eine bemerkenswerte Sammlung nat\u00fcrlicher, wissenschaftlicher, k\u00fcnstlerischer und menschlicher Kuriosit\u00e4ten finden!<\/p>","protected":false},"featured_media":3225,"template":"","meta":{"_acf_changed":false,"_monsterinsights_skip_tracking":false,"_monsterinsights_sitenote_active":false,"_monsterinsights_sitenote_note":"","_monsterinsights_sitenote_category":0},"product_cat":[26,39,36],"product_tag":[34],"class_list":{"0":"post-3224","1":"product","2":"type-product","3":"status-publish","4":"has-post-thumbnail","6":"product_cat-attraction-amsterdam-pass","7":"product_cat-family-friendly","8":"product_cat-museum","9":"product_tag-amsterdam","11":"first","12":"instock","13":"shipping-taxable","14":"product-type-simple"},"acf":[],"yoast_head":"<!-- This site is optimized with the Yoast SEO plugin v23.8 - https:\/\/yoast.com\/wordpress\/plugins\/seo\/ -->\n<title>Ripley&#039;s Believe It or Not! - Explore Pass<\/title>\n<meta name=\"description\" content=\"Enjoy Ripley&#039;s Believe it or Not in Amsterdam with your Explore Pass - build your perfect itinerary and explore Amsterdam at your own pace.\" \/>\n<meta name=\"robots\" content=\"index, follow, max-snippet:-1, max-image-preview:large, max-video-preview:-1\" \/>\n<link rel=\"canonical\" href=\"https:\/\/explore-pass.com\/de\/pass\/amsterdam-ripleys-believe-it-or-not\/\" \/>\n<meta property=\"og:locale\" content=\"de_DE\" \/>\n<meta property=\"og:type\" content=\"article\" \/>\n<meta property=\"og:title\" content=\"Ripley&#039;s Believe It or Not! - Explore Pass\" \/>\n<meta property=\"og:description\" content=\"Enjoy Ripley&#039;s Believe it or Not in Amsterdam with your Explore Pass - build your perfect itinerary and explore Amsterdam at your own pace.\" \/>\n<meta property=\"og:url\" content=\"https:\/\/explore-pass.com\/de\/pass\/amsterdam-ripleys-believe-it-or-not\/\" \/>\n<meta property=\"og:site_name\" content=\"Explore Pass\" \/>\n<meta property=\"article:modified_time\" content=\"2026-02-02T15:22:55+00:00\" \/>\n<meta property=\"og:image\" content=\"https:\/\/explore-pass.com\/wp-content\/uploads\/2022\/08\/Ripleys-believe-it-or-not-copy.jpg\" \/>\n\t<meta property=\"og:image:width\" content=\"1600\" \/>\n\t<meta property=\"og:image:height\" content=\"900\" \/>\n\t<meta property=\"og:image:type\" content=\"image\/jpeg\" \/>\n<meta name=\"twitter:card\" content=\"summary_large_image\" \/>\n<meta name=\"twitter:label1\" content=\"Gesch\u00e4tzte Lesezeit\" \/>\n\t<meta name=\"twitter:data1\" content=\"1\u00a0Minute\" \/>\n<script type=\"application\/ld+json\" class=\"yoast-schema-graph\">{\"@context\":\"https:\/\/schema.org\",\"@graph\":[{\"@type\":\"WebPage\",\"@id\":\"https:\/\/explore-pass.com\/pass\/amsterdam-ripleys-believe-it-or-not\/\",\"url\":\"https:\/\/explore-pass.com\/pass\/amsterdam-ripleys-believe-it-or-not\/\",\"name\":\"Ripley's Believe It or Not! - Explore Pass\",\"isPartOf\":{\"@id\":\"https:\/\/explore-pass.com\/es\/#website\"},\"primaryImageOfPage\":{\"@id\":\"https:\/\/explore-pass.com\/pass\/amsterdam-ripleys-believe-it-or-not\/#primaryimage\"},\"image\":{\"@id\":\"https:\/\/explore-pass.com\/pass\/amsterdam-ripleys-believe-it-or-not\/#primaryimage\"},\"thumbnailUrl\":\"https:\/\/explore-pass.com\/wp-content\/uploads\/2022\/08\/Ripleys-believe-it-or-not-copy.jpg\",\"datePublished\":\"2022-08-03T15:23:19+00:00\",\"dateModified\":\"2026-02-02T15:22:55+00:00\",\"description\":\"Enjoy Ripley's Believe it or Not in Amsterdam with your Explore Pass - build your perfect itinerary and explore Amsterdam at your own pace.\",\"breadcrumb\":{\"@id\":\"https:\/\/explore-pass.com\/pass\/amsterdam-ripleys-believe-it-or-not\/#breadcrumb\"},\"inLanguage\":\"de\",\"potentialAction\":[{\"@type\":\"ReadAction\",\"target\":[\"https:\/\/explore-pass.com\/pass\/amsterdam-ripleys-believe-it-or-not\/\"]}]},{\"@type\":\"ImageObject\",\"inLanguage\":\"de\",\"@id\":\"https:\/\/explore-pass.com\/pass\/amsterdam-ripleys-believe-it-or-not\/#primaryimage\",\"url\":\"https:\/\/explore-pass.com\/wp-content\/uploads\/2022\/08\/Ripleys-believe-it-or-not-copy.jpg\",\"contentUrl\":\"https:\/\/explore-pass.com\/wp-content\/uploads\/2022\/08\/Ripleys-believe-it-or-not-copy.jpg\",\"width\":1600,\"height\":900,\"caption\":\"Ripley's Believe It or Not\"},{\"@type\":\"BreadcrumbList\",\"@id\":\"https:\/\/explore-pass.com\/pass\/amsterdam-ripleys-believe-it-or-not\/#breadcrumb\",\"itemListElement\":[{\"@type\":\"ListItem\",\"position\":1,\"name\":\"Home\",\"item\":\"https:\/\/explore-pass.com\/en\/\"},{\"@type\":\"ListItem\",\"position\":2,\"name\":\"Shop\",\"item\":\"https:\/\/explore-pass.com\/shop\/\"},{\"@type\":\"ListItem\",\"position\":3,\"name\":\"Ripley&#8217;s Believe It or Not!\"}]},{\"@type\":\"WebSite\",\"@id\":\"https:\/\/explore-pass.com\/es\/#website\",\"url\":\"https:\/\/explore-pass.com\/es\/\",\"name\":\"Explore Pass\",\"description\":\"See the Best for Less\",\"publisher\":{\"@id\":\"https:\/\/explore-pass.com\/es\/#organization\"},\"potentialAction\":[{\"@type\":\"SearchAction\",\"target\":{\"@type\":\"EntryPoint\",\"urlTemplate\":\"https:\/\/explore-pass.com\/es\/?s={search_term_string}\"},\"query-input\":{\"@type\":\"PropertyValueSpecification\",\"valueRequired\":true,\"valueName\":\"search_term_string\"}}],\"inLanguage\":\"de\"},{\"@type\":\"Organization\",\"@id\":\"https:\/\/explore-pass.com\/es\/#organization\",\"name\":\"Explore Pass\",\"url\":\"https:\/\/explore-pass.com\/es\/\",\"logo\":{\"@type\":\"ImageObject\",\"inLanguage\":\"de\",\"@id\":\"https:\/\/explore-pass.com\/es\/#\/schema\/logo\/image\/\",\"url\":\"https:\/\/explore-pass.com\/wp-content\/uploads\/2022\/07\/Logo-black-with-background.png\",\"contentUrl\":\"https:\/\/explore-pass.com\/wp-content\/uploads\/2022\/07\/Logo-black-with-background.png\",\"width\":1340,\"height\":615,\"caption\":\"Explore Pass\"},\"image\":{\"@id\":\"https:\/\/explore-pass.com\/es\/#\/schema\/logo\/image\/\"},\"sameAs\":[\"https:\/\/www.instagram.com\/explorepassofficial\/\",\"https:\/\/www.tiktok.com\/@explorepass\"]}]}<\/script>\n<!-- \/ Yoast SEO plugin. -->","yoast_head_json":{"title":"Ripley's Believe It or Not! - Explore Pass","description":"Enjoy Ripley's Believe it or Not in Amsterdam with your Explore Pass - build your perfect itinerary and explore Amsterdam at your own pace.","robots":{"index":"index","follow":"follow","max-snippet":"max-snippet:-1","max-image-preview":"max-image-preview:large","max-video-preview":"max-video-preview:-1"},"canonical":"https:\/\/explore-pass.com\/de\/pass\/amsterdam-ripleys-believe-it-or-not\/","og_locale":"de_DE","og_type":"article","og_title":"Ripley's Believe It or Not! - Explore Pass","og_description":"Enjoy Ripley's Believe it or Not in Amsterdam with your Explore Pass - build your perfect itinerary and explore Amsterdam at your own pace.","og_url":"https:\/\/explore-pass.com\/de\/pass\/amsterdam-ripleys-believe-it-or-not\/","og_site_name":"Explore Pass","article_modified_time":"2026-02-02T15:22:55+00:00","og_image":[{"width":1600,"height":900,"url":"https:\/\/explore-pass.com\/wp-content\/uploads\/2022\/08\/Ripleys-believe-it-or-not-copy.jpg","type":"image\/jpeg"}],"twitter_card":"summary_large_image","twitter_misc":{"Gesch\u00e4tzte Lesezeit":"1\u00a0Minute"},"schema":{"@context":"https:\/\/schema.org","@graph":[{"@type":"WebPage","@id":"https:\/\/explore-pass.com\/pass\/amsterdam-ripleys-believe-it-or-not\/","url":"https:\/\/explore-pass.com\/pass\/amsterdam-ripleys-believe-it-or-not\/","name":"Ripley's Believe It or Not! - Explore Pass","isPartOf":{"@id":"https:\/\/explore-pass.com\/es\/#website"},"primaryImageOfPage":{"@id":"https:\/\/explore-pass.com\/pass\/amsterdam-ripleys-believe-it-or-not\/#primaryimage"},"image":{"@id":"https:\/\/explore-pass.com\/pass\/amsterdam-ripleys-believe-it-or-not\/#primaryimage"},"thumbnailUrl":"https:\/\/explore-pass.com\/wp-content\/uploads\/2022\/08\/Ripleys-believe-it-or-not-copy.jpg","datePublished":"2022-08-03T15:23:19+00:00","dateModified":"2026-02-02T15:22:55+00:00","description":"Enjoy Ripley's Believe it or Not in Amsterdam with your Explore Pass - build your perfect itinerary and explore Amsterdam at your own pace.","breadcrumb":{"@id":"https:\/\/explore-pass.com\/pass\/amsterdam-ripleys-believe-it-or-not\/#breadcrumb"},"inLanguage":"de","potentialAction":[{"@type":"ReadAction","target":["https:\/\/explore-pass.com\/pass\/amsterdam-ripleys-believe-it-or-not\/"]}]},{"@type":"ImageObject","inLanguage":"de","@id":"https:\/\/explore-pass.com\/pass\/amsterdam-ripleys-believe-it-or-not\/#primaryimage","url":"https:\/\/explore-pass.com\/wp-content\/uploads\/2022\/08\/Ripleys-believe-it-or-not-copy.jpg","contentUrl":"https:\/\/explore-pass.com\/wp-content\/uploads\/2022\/08\/Ripleys-believe-it-or-not-copy.jpg","width":1600,"height":900,"caption":"Ripley's Believe It or Not"},{"@type":"BreadcrumbList","@id":"https:\/\/explore-pass.com\/pass\/amsterdam-ripleys-believe-it-or-not\/#breadcrumb","itemListElement":[{"@type":"ListItem","position":1,"name":"Home","item":"https:\/\/explore-pass.com\/en\/"},{"@type":"ListItem","position":2,"name":"Shop","item":"https:\/\/explore-pass.com\/shop\/"},{"@type":"ListItem","position":3,"name":"Ripley&#8217;s Believe It or Not!"}]},{"@type":"WebSite","@id":"https:\/\/explore-pass.com\/es\/#website","url":"https:\/\/explore-pass.com\/es\/","name":"Explore Pass","description":"See the Best for Less","publisher":{"@id":"https:\/\/explore-pass.com\/es\/#organization"},"potentialAction":[{"@type":"SearchAction","target":{"@type":"EntryPoint","urlTemplate":"https:\/\/explore-pass.com\/es\/?s={search_term_string}"},"query-input":{"@type":"PropertyValueSpecification","valueRequired":true,"valueName":"search_term_string"}}],"inLanguage":"de"},{"@type":"Organization","@id":"https:\/\/explore-pass.com\/es\/#organization","name":"Explore Pass","url":"https:\/\/explore-pass.com\/es\/","logo":{"@type":"ImageObject","inLanguage":"de","@id":"https:\/\/explore-pass.com\/es\/#\/schema\/logo\/image\/","url":"https:\/\/explore-pass.com\/wp-content\/uploads\/2022\/07\/Logo-black-with-background.png","contentUrl":"https:\/\/explore-pass.com\/wp-content\/uploads\/2022\/07\/Logo-black-with-background.png","width":1340,"height":615,"caption":"Explore Pass"},"image":{"@id":"https:\/\/explore-pass.com\/es\/#\/schema\/logo\/image\/"},"sameAs":["https:\/\/www.instagram.com\/explorepassofficial\/","https:\/\/www.tiktok.com\/@explorepass"]}]}},"_links":{"self":[{"href":"https:\/\/explore-pass.com\/de\/wp-json\/wp\/v2\/product\/3224"}],"collection":[{"href":"https:\/\/explore-pass.com\/de\/wp-json\/wp\/v2\/product"}],"about":[{"href":"https:\/\/explore-pass.com\/de\/wp-json\/wp\/v2\/types\/product"}],"wp:featuredmedia":[{"embeddable":true,"href":"https:\/\/explore-pass.com\/de\/wp-json\/wp\/v2\/media\/3225"}],"wp:attachment":[{"href":"https:\/\/explore-pass.com\/de\/wp-json\/wp\/v2\/media?parent=3224"}],"wp:term":[{"taxonomy":"product_cat","embeddable":true,"href":"https:\/\/explore-pass.com\/de\/wp-json\/wp\/v2\/product_cat?post=3224"},{"taxonomy":"product_tag","embeddable":true,"href":"https:\/\/explore-pass.com\/de\/wp-json\/wp\/v2\/product_tag?post=3224"}],"curies":[{"name":"wp","href":"https:\/\/api.w.org\/{rel}","templated":true}]}}