{"id":3194,"date":"2022-08-03T15:07:04","date_gmt":"2022-08-03T15:07:04","guid":{"rendered":"https:\/\/tgi.openpass.co.uk\/?post_type=product&#038;p=3194"},"modified":"2025-02-03T15:39:03","modified_gmt":"2025-02-03T15:39:03","slug":"amsterdam-house-of-bols","status":"publish","type":"product","link":"https:\/\/explore-pass.com\/de\/pass\/amsterdam-house-of-bols\/","title":{"rendered":"<p>House of Bols<\/p>"},"content":{"rendered":"<p>Entdecken Sie den Genuss von Amsterdam bei der ersten Cocktailmarke der Welt. Dieses multisensorische Erlebnis nimmt Sie mit auf eine interaktive Reise durch die Welt der Cocktails. Bols ist die \u00e4lteste Spirituosenmarke, die 1575 gegr\u00fcndet wurde und sich zu der Amsterdamer Kultmarke entwickelte, die wir heute kennen. Mit 42 Bols Lik\u00f6ren und Bols Genevers hat das House of Bols f\u00fcr jeden etwas zu bieten! Seien Sie offen f\u00fcr eine Welt voller Aromen und Geschmack, und versuchen Sie, die besten Cocktails zu kreieren!<p>Weitere Informationen und \u00d6ffnungszeiten finden Sie unter bols.com\/nl\/cocktail-experience<\/p><\/p>","protected":false},"excerpt":{"rendered":"<p>Entdecken Sie die Geschichte hinter Jenever, einer der beliebtesten Spirituosen der Welt. Genie\u00dfen Sie eine Verkostung von Spirituosen und Cocktails im spektakul\u00e4ren House of Bols!<\/p>","protected":false},"featured_media":3195,"template":"","meta":{"_acf_changed":false,"_monsterinsights_skip_tracking":false,"_monsterinsights_sitenote_active":false,"_monsterinsights_sitenote_note":"","_monsterinsights_sitenote_category":0},"product_cat":[26,37],"product_tag":[34],"class_list":{"0":"post-3194","1":"product","2":"type-product","3":"status-publish","4":"has-post-thumbnail","6":"product_cat-attraction-amsterdam-pass","7":"product_cat-tour","8":"product_tag-amsterdam","10":"first","11":"instock","12":"shipping-taxable","13":"product-type-simple"},"acf":[],"yoast_head":"<!-- This site is optimized with the Yoast SEO plugin v23.8 - https:\/\/yoast.com\/wordpress\/plugins\/seo\/ -->\n<title>House of Bols - Explore Pass<\/title>\n<meta name=\"description\" content=\"Enjoy House of Bols with your Explore Pass - build your perfect itinerary and explore Amsterdam at your own pace.\" \/>\n<meta name=\"robots\" content=\"index, follow, max-snippet:-1, max-image-preview:large, max-video-preview:-1\" \/>\n<link rel=\"canonical\" href=\"https:\/\/explore-pass.com\/de\/pass\/amsterdam-house-of-bols\/\" \/>\n<meta property=\"og:locale\" content=\"de_DE\" \/>\n<meta property=\"og:type\" content=\"article\" \/>\n<meta property=\"og:title\" content=\"House of Bols - Explore Pass\" \/>\n<meta property=\"og:description\" content=\"Enjoy House of Bols with your Explore Pass - build your perfect itinerary and explore Amsterdam at your own pace.\" \/>\n<meta property=\"og:url\" content=\"https:\/\/explore-pass.com\/de\/pass\/amsterdam-house-of-bols\/\" \/>\n<meta property=\"og:site_name\" content=\"Explore Pass\" \/>\n<meta property=\"article:modified_time\" content=\"2025-02-03T15:39:03+00:00\" \/>\n<meta property=\"og:image\" content=\"https:\/\/explore-pass.com\/wp-content\/uploads\/2022\/08\/House-of-Bols-copy.jpg\" \/>\n\t<meta property=\"og:image:width\" content=\"1600\" \/>\n\t<meta property=\"og:image:height\" content=\"900\" \/>\n\t<meta property=\"og:image:type\" content=\"image\/jpeg\" \/>\n<meta name=\"twitter:card\" content=\"summary_large_image\" \/>\n<meta name=\"twitter:label1\" content=\"Gesch\u00e4tzte Lesezeit\" \/>\n\t<meta name=\"twitter:data1\" content=\"1\u00a0Minute\" \/>\n<script type=\"application\/ld+json\" class=\"yoast-schema-graph\">{\"@context\":\"https:\/\/schema.org\",\"@graph\":[{\"@type\":\"WebPage\",\"@id\":\"https:\/\/explore-pass.com\/pass\/amsterdam-house-of-bols\/\",\"url\":\"https:\/\/explore-pass.com\/pass\/amsterdam-house-of-bols\/\",\"name\":\"House of Bols - Explore Pass\",\"isPartOf\":{\"@id\":\"https:\/\/explore-pass.com\/es\/#website\"},\"primaryImageOfPage\":{\"@id\":\"https:\/\/explore-pass.com\/pass\/amsterdam-house-of-bols\/#primaryimage\"},\"image\":{\"@id\":\"https:\/\/explore-pass.com\/pass\/amsterdam-house-of-bols\/#primaryimage\"},\"thumbnailUrl\":\"https:\/\/explore-pass.com\/wp-content\/uploads\/2022\/08\/House-of-Bols-copy.jpg\",\"datePublished\":\"2022-08-03T15:07:04+00:00\",\"dateModified\":\"2025-02-03T15:39:03+00:00\",\"description\":\"Enjoy House of Bols with your Explore Pass - build your perfect itinerary and explore Amsterdam at your own pace.\",\"breadcrumb\":{\"@id\":\"https:\/\/explore-pass.com\/pass\/amsterdam-house-of-bols\/#breadcrumb\"},\"inLanguage\":\"de\",\"potentialAction\":[{\"@type\":\"ReadAction\",\"target\":[\"https:\/\/explore-pass.com\/pass\/amsterdam-house-of-bols\/\"]}]},{\"@type\":\"ImageObject\",\"inLanguage\":\"de\",\"@id\":\"https:\/\/explore-pass.com\/pass\/amsterdam-house-of-bols\/#primaryimage\",\"url\":\"https:\/\/explore-pass.com\/wp-content\/uploads\/2022\/08\/House-of-Bols-copy.jpg\",\"contentUrl\":\"https:\/\/explore-pass.com\/wp-content\/uploads\/2022\/08\/House-of-Bols-copy.jpg\",\"width\":1600,\"height\":900,\"caption\":\"House of Bols Amsterdam\"},{\"@type\":\"BreadcrumbList\",\"@id\":\"https:\/\/explore-pass.com\/pass\/amsterdam-house-of-bols\/#breadcrumb\",\"itemListElement\":[{\"@type\":\"ListItem\",\"position\":1,\"name\":\"Home\",\"item\":\"https:\/\/explore-pass.com\/en\/\"},{\"@type\":\"ListItem\",\"position\":2,\"name\":\"Shop\",\"item\":\"https:\/\/explore-pass.com\/shop\/\"},{\"@type\":\"ListItem\",\"position\":3,\"name\":\"House of Bols\"}]},{\"@type\":\"WebSite\",\"@id\":\"https:\/\/explore-pass.com\/es\/#website\",\"url\":\"https:\/\/explore-pass.com\/es\/\",\"name\":\"Explore Pass\",\"description\":\"See the Best for Less\",\"publisher\":{\"@id\":\"https:\/\/explore-pass.com\/es\/#organization\"},\"potentialAction\":[{\"@type\":\"SearchAction\",\"target\":{\"@type\":\"EntryPoint\",\"urlTemplate\":\"https:\/\/explore-pass.com\/es\/?s={search_term_string}\"},\"query-input\":{\"@type\":\"PropertyValueSpecification\",\"valueRequired\":true,\"valueName\":\"search_term_string\"}}],\"inLanguage\":\"de\"},{\"@type\":\"Organization\",\"@id\":\"https:\/\/explore-pass.com\/es\/#organization\",\"name\":\"Explore Pass\",\"url\":\"https:\/\/explore-pass.com\/es\/\",\"logo\":{\"@type\":\"ImageObject\",\"inLanguage\":\"de\",\"@id\":\"https:\/\/explore-pass.com\/es\/#\/schema\/logo\/image\/\",\"url\":\"https:\/\/explore-pass.com\/wp-content\/uploads\/2022\/07\/Logo-black-with-background.png\",\"contentUrl\":\"https:\/\/explore-pass.com\/wp-content\/uploads\/2022\/07\/Logo-black-with-background.png\",\"width\":1340,\"height\":615,\"caption\":\"Explore Pass\"},\"image\":{\"@id\":\"https:\/\/explore-pass.com\/es\/#\/schema\/logo\/image\/\"},\"sameAs\":[\"https:\/\/www.instagram.com\/explorepassofficial\/\",\"https:\/\/www.tiktok.com\/@explorepass\"]}]}<\/script>\n<!-- \/ Yoast SEO plugin. -->","yoast_head_json":{"title":"House of Bols - Explore Pass","description":"Enjoy House of Bols with your Explore Pass - build your perfect itinerary and explore Amsterdam at your own pace.","robots":{"index":"index","follow":"follow","max-snippet":"max-snippet:-1","max-image-preview":"max-image-preview:large","max-video-preview":"max-video-preview:-1"},"canonical":"https:\/\/explore-pass.com\/de\/pass\/amsterdam-house-of-bols\/","og_locale":"de_DE","og_type":"article","og_title":"House of Bols - Explore Pass","og_description":"Enjoy House of Bols with your Explore Pass - build your perfect itinerary and explore Amsterdam at your own pace.","og_url":"https:\/\/explore-pass.com\/de\/pass\/amsterdam-house-of-bols\/","og_site_name":"Explore Pass","article_modified_time":"2025-02-03T15:39:03+00:00","og_image":[{"width":1600,"height":900,"url":"https:\/\/explore-pass.com\/wp-content\/uploads\/2022\/08\/House-of-Bols-copy.jpg","type":"image\/jpeg"}],"twitter_card":"summary_large_image","twitter_misc":{"Gesch\u00e4tzte Lesezeit":"1\u00a0Minute"},"schema":{"@context":"https:\/\/schema.org","@graph":[{"@type":"WebPage","@id":"https:\/\/explore-pass.com\/pass\/amsterdam-house-of-bols\/","url":"https:\/\/explore-pass.com\/pass\/amsterdam-house-of-bols\/","name":"House of Bols - Explore Pass","isPartOf":{"@id":"https:\/\/explore-pass.com\/es\/#website"},"primaryImageOfPage":{"@id":"https:\/\/explore-pass.com\/pass\/amsterdam-house-of-bols\/#primaryimage"},"image":{"@id":"https:\/\/explore-pass.com\/pass\/amsterdam-house-of-bols\/#primaryimage"},"thumbnailUrl":"https:\/\/explore-pass.com\/wp-content\/uploads\/2022\/08\/House-of-Bols-copy.jpg","datePublished":"2022-08-03T15:07:04+00:00","dateModified":"2025-02-03T15:39:03+00:00","description":"Enjoy House of Bols with your Explore Pass - build your perfect itinerary and explore Amsterdam at your own pace.","breadcrumb":{"@id":"https:\/\/explore-pass.com\/pass\/amsterdam-house-of-bols\/#breadcrumb"},"inLanguage":"de","potentialAction":[{"@type":"ReadAction","target":["https:\/\/explore-pass.com\/pass\/amsterdam-house-of-bols\/"]}]},{"@type":"ImageObject","inLanguage":"de","@id":"https:\/\/explore-pass.com\/pass\/amsterdam-house-of-bols\/#primaryimage","url":"https:\/\/explore-pass.com\/wp-content\/uploads\/2022\/08\/House-of-Bols-copy.jpg","contentUrl":"https:\/\/explore-pass.com\/wp-content\/uploads\/2022\/08\/House-of-Bols-copy.jpg","width":1600,"height":900,"caption":"House of Bols Amsterdam"},{"@type":"BreadcrumbList","@id":"https:\/\/explore-pass.com\/pass\/amsterdam-house-of-bols\/#breadcrumb","itemListElement":[{"@type":"ListItem","position":1,"name":"Home","item":"https:\/\/explore-pass.com\/en\/"},{"@type":"ListItem","position":2,"name":"Shop","item":"https:\/\/explore-pass.com\/shop\/"},{"@type":"ListItem","position":3,"name":"House of Bols"}]},{"@type":"WebSite","@id":"https:\/\/explore-pass.com\/es\/#website","url":"https:\/\/explore-pass.com\/es\/","name":"Explore Pass","description":"See the Best for Less","publisher":{"@id":"https:\/\/explore-pass.com\/es\/#organization"},"potentialAction":[{"@type":"SearchAction","target":{"@type":"EntryPoint","urlTemplate":"https:\/\/explore-pass.com\/es\/?s={search_term_string}"},"query-input":{"@type":"PropertyValueSpecification","valueRequired":true,"valueName":"search_term_string"}}],"inLanguage":"de"},{"@type":"Organization","@id":"https:\/\/explore-pass.com\/es\/#organization","name":"Explore Pass","url":"https:\/\/explore-pass.com\/es\/","logo":{"@type":"ImageObject","inLanguage":"de","@id":"https:\/\/explore-pass.com\/es\/#\/schema\/logo\/image\/","url":"https:\/\/explore-pass.com\/wp-content\/uploads\/2022\/07\/Logo-black-with-background.png","contentUrl":"https:\/\/explore-pass.com\/wp-content\/uploads\/2022\/07\/Logo-black-with-background.png","width":1340,"height":615,"caption":"Explore Pass"},"image":{"@id":"https:\/\/explore-pass.com\/es\/#\/schema\/logo\/image\/"},"sameAs":["https:\/\/www.instagram.com\/explorepassofficial\/","https:\/\/www.tiktok.com\/@explorepass"]}]}},"_links":{"self":[{"href":"https:\/\/explore-pass.com\/de\/wp-json\/wp\/v2\/product\/3194"}],"collection":[{"href":"https:\/\/explore-pass.com\/de\/wp-json\/wp\/v2\/product"}],"about":[{"href":"https:\/\/explore-pass.com\/de\/wp-json\/wp\/v2\/types\/product"}],"wp:featuredmedia":[{"embeddable":true,"href":"https:\/\/explore-pass.com\/de\/wp-json\/wp\/v2\/media\/3195"}],"wp:attachment":[{"href":"https:\/\/explore-pass.com\/de\/wp-json\/wp\/v2\/media?parent=3194"}],"wp:term":[{"taxonomy":"product_cat","embeddable":true,"href":"https:\/\/explore-pass.com\/de\/wp-json\/wp\/v2\/product_cat?post=3194"},{"taxonomy":"product_tag","embeddable":true,"href":"https:\/\/explore-pass.com\/de\/wp-json\/wp\/v2\/product_tag?post=3194"}],"curies":[{"name":"wp","href":"https:\/\/api.w.org\/{rel}","templated":true}]}}