{"id":3176,"date":"2022-08-03T14:54:34","date_gmt":"2022-08-03T14:54:34","guid":{"rendered":"https:\/\/tgi.openpass.co.uk\/?post_type=product&#038;p=3176"},"modified":"2025-02-03T15:38:55","modified_gmt":"2025-02-03T15:38:55","slug":"foam","status":"publish","type":"product","link":"https:\/\/explore-pass.com\/de\/pass\/foam\/","title":{"rendered":"<p>FOAM<\/p>"},"content":{"rendered":"<p>FOAM, Fotografiemuseum Amsterdam, zeigt alle Bereiche der zeitgen\u00f6ssischen Fotografie. Hier finden Sie internationale Talente, weltber\u00fchmte K\u00fcnstler und aufstrebende K\u00fcnstler, die Sie unbedingt im Auge behalten sollten. Das Geb\u00e4ude ist in drei monumentalen Kaufmannsh\u00e4usern im Zentrum von Amsterdam untergebracht und k\u00f6nnte schon f\u00fcr sich allein eine Attraktion sein. Lassen Sie sich inspirieren und staunen Sie \u00fcber die st\u00e4ndig wechselnden Sammlungen. Nach einem einzigen Besuch wird Ihnen klar, dass Sie unbedingt wiederkommen m\u00fcssen!<p>Weitere Informationen und \u00d6ffnungszeiten finden Sie unter foam.org<\/p><\/p>","protected":false},"excerpt":{"rendered":"<p>Das Foam Photography Museum ist ein fantastisches Museum f\u00fcr Fotografie in Amsterdam, in dem Werke von weltber\u00fchmten Fotografen, aber auch von aufstrebenden Talenten in st\u00e4ndig wechselnden Ausstellungsprogrammen gezeigt werden.<\/p>","protected":false},"featured_media":3177,"template":"","meta":{"_acf_changed":false,"_monsterinsights_skip_tracking":false,"_monsterinsights_sitenote_active":false,"_monsterinsights_sitenote_note":"","_monsterinsights_sitenote_category":0},"product_cat":[26,36],"product_tag":[34],"class_list":{"0":"post-3176","1":"product","2":"type-product","3":"status-publish","4":"has-post-thumbnail","6":"product_cat-attraction-amsterdam-pass","7":"product_cat-museum","8":"product_tag-amsterdam","10":"first","11":"instock","12":"shipping-taxable","13":"product-type-simple"},"acf":[],"yoast_head":"<!-- This site is optimized with the Yoast SEO plugin v23.8 - https:\/\/yoast.com\/wordpress\/plugins\/seo\/ -->\n<title>FOAM - Explore Pass<\/title>\n<meta name=\"description\" content=\"Enjoy FOAM - photography museum with your Explore Pass - build your perfect itinerary and explore Amsterdam at your own pace.\" \/>\n<meta name=\"robots\" content=\"index, follow, max-snippet:-1, max-image-preview:large, max-video-preview:-1\" \/>\n<link rel=\"canonical\" href=\"https:\/\/explore-pass.com\/de\/pass\/foam\/\" \/>\n<meta property=\"og:locale\" content=\"de_DE\" \/>\n<meta property=\"og:type\" content=\"article\" \/>\n<meta property=\"og:title\" content=\"FOAM - Explore Pass\" \/>\n<meta property=\"og:description\" content=\"Enjoy FOAM - photography museum with your Explore Pass - build your perfect itinerary and explore Amsterdam at your own pace.\" \/>\n<meta property=\"og:url\" content=\"https:\/\/explore-pass.com\/de\/pass\/foam\/\" \/>\n<meta property=\"og:site_name\" content=\"Explore Pass\" \/>\n<meta property=\"article:modified_time\" content=\"2025-02-03T15:38:55+00:00\" \/>\n<meta property=\"og:image\" content=\"https:\/\/explore-pass.com\/wp-content\/uploads\/2022\/08\/Foam-copy.jpg\" \/>\n\t<meta property=\"og:image:width\" content=\"1600\" \/>\n\t<meta property=\"og:image:height\" content=\"900\" \/>\n\t<meta property=\"og:image:type\" content=\"image\/jpeg\" \/>\n<meta name=\"twitter:card\" content=\"summary_large_image\" \/>\n<meta name=\"twitter:label1\" content=\"Gesch\u00e4tzte Lesezeit\" \/>\n\t<meta name=\"twitter:data1\" content=\"1\u00a0Minute\" \/>\n<script type=\"application\/ld+json\" class=\"yoast-schema-graph\">{\"@context\":\"https:\/\/schema.org\",\"@graph\":[{\"@type\":\"WebPage\",\"@id\":\"https:\/\/explore-pass.com\/pass\/foam\/\",\"url\":\"https:\/\/explore-pass.com\/pass\/foam\/\",\"name\":\"FOAM - Explore Pass\",\"isPartOf\":{\"@id\":\"https:\/\/explore-pass.com\/es\/#website\"},\"primaryImageOfPage\":{\"@id\":\"https:\/\/explore-pass.com\/pass\/foam\/#primaryimage\"},\"image\":{\"@id\":\"https:\/\/explore-pass.com\/pass\/foam\/#primaryimage\"},\"thumbnailUrl\":\"https:\/\/explore-pass.com\/wp-content\/uploads\/2022\/08\/Foam-copy.jpg\",\"datePublished\":\"2022-08-03T14:54:34+00:00\",\"dateModified\":\"2025-02-03T15:38:55+00:00\",\"description\":\"Enjoy FOAM - photography museum with your Explore Pass - build your perfect itinerary and explore Amsterdam at your own pace.\",\"breadcrumb\":{\"@id\":\"https:\/\/explore-pass.com\/pass\/foam\/#breadcrumb\"},\"inLanguage\":\"de\",\"potentialAction\":[{\"@type\":\"ReadAction\",\"target\":[\"https:\/\/explore-pass.com\/pass\/foam\/\"]}]},{\"@type\":\"ImageObject\",\"inLanguage\":\"de\",\"@id\":\"https:\/\/explore-pass.com\/pass\/foam\/#primaryimage\",\"url\":\"https:\/\/explore-pass.com\/wp-content\/uploads\/2022\/08\/Foam-copy.jpg\",\"contentUrl\":\"https:\/\/explore-pass.com\/wp-content\/uploads\/2022\/08\/Foam-copy.jpg\",\"width\":1600,\"height\":900,\"caption\":\"Foam Amsterdam\"},{\"@type\":\"BreadcrumbList\",\"@id\":\"https:\/\/explore-pass.com\/pass\/foam\/#breadcrumb\",\"itemListElement\":[{\"@type\":\"ListItem\",\"position\":1,\"name\":\"Home\",\"item\":\"https:\/\/explore-pass.com\/en\/\"},{\"@type\":\"ListItem\",\"position\":2,\"name\":\"Shop\",\"item\":\"https:\/\/explore-pass.com\/shop\/\"},{\"@type\":\"ListItem\",\"position\":3,\"name\":\"FOAM\"}]},{\"@type\":\"WebSite\",\"@id\":\"https:\/\/explore-pass.com\/es\/#website\",\"url\":\"https:\/\/explore-pass.com\/es\/\",\"name\":\"Explore Pass\",\"description\":\"See the Best for Less\",\"publisher\":{\"@id\":\"https:\/\/explore-pass.com\/es\/#organization\"},\"potentialAction\":[{\"@type\":\"SearchAction\",\"target\":{\"@type\":\"EntryPoint\",\"urlTemplate\":\"https:\/\/explore-pass.com\/es\/?s={search_term_string}\"},\"query-input\":{\"@type\":\"PropertyValueSpecification\",\"valueRequired\":true,\"valueName\":\"search_term_string\"}}],\"inLanguage\":\"de\"},{\"@type\":\"Organization\",\"@id\":\"https:\/\/explore-pass.com\/es\/#organization\",\"name\":\"Explore Pass\",\"url\":\"https:\/\/explore-pass.com\/es\/\",\"logo\":{\"@type\":\"ImageObject\",\"inLanguage\":\"de\",\"@id\":\"https:\/\/explore-pass.com\/es\/#\/schema\/logo\/image\/\",\"url\":\"https:\/\/explore-pass.com\/wp-content\/uploads\/2022\/07\/Logo-black-with-background.png\",\"contentUrl\":\"https:\/\/explore-pass.com\/wp-content\/uploads\/2022\/07\/Logo-black-with-background.png\",\"width\":1340,\"height\":615,\"caption\":\"Explore Pass\"},\"image\":{\"@id\":\"https:\/\/explore-pass.com\/es\/#\/schema\/logo\/image\/\"},\"sameAs\":[\"https:\/\/www.instagram.com\/explorepassofficial\/\",\"https:\/\/www.tiktok.com\/@explorepass\"]}]}<\/script>\n<!-- \/ Yoast SEO plugin. -->","yoast_head_json":{"title":"FOAM - Explore Pass","description":"Enjoy FOAM - photography museum with your Explore Pass - build your perfect itinerary and explore Amsterdam at your own pace.","robots":{"index":"index","follow":"follow","max-snippet":"max-snippet:-1","max-image-preview":"max-image-preview:large","max-video-preview":"max-video-preview:-1"},"canonical":"https:\/\/explore-pass.com\/de\/pass\/foam\/","og_locale":"de_DE","og_type":"article","og_title":"FOAM - Explore Pass","og_description":"Enjoy FOAM - photography museum with your Explore Pass - build your perfect itinerary and explore Amsterdam at your own pace.","og_url":"https:\/\/explore-pass.com\/de\/pass\/foam\/","og_site_name":"Explore Pass","article_modified_time":"2025-02-03T15:38:55+00:00","og_image":[{"width":1600,"height":900,"url":"https:\/\/explore-pass.com\/wp-content\/uploads\/2022\/08\/Foam-copy.jpg","type":"image\/jpeg"}],"twitter_card":"summary_large_image","twitter_misc":{"Gesch\u00e4tzte Lesezeit":"1\u00a0Minute"},"schema":{"@context":"https:\/\/schema.org","@graph":[{"@type":"WebPage","@id":"https:\/\/explore-pass.com\/pass\/foam\/","url":"https:\/\/explore-pass.com\/pass\/foam\/","name":"FOAM - Explore Pass","isPartOf":{"@id":"https:\/\/explore-pass.com\/es\/#website"},"primaryImageOfPage":{"@id":"https:\/\/explore-pass.com\/pass\/foam\/#primaryimage"},"image":{"@id":"https:\/\/explore-pass.com\/pass\/foam\/#primaryimage"},"thumbnailUrl":"https:\/\/explore-pass.com\/wp-content\/uploads\/2022\/08\/Foam-copy.jpg","datePublished":"2022-08-03T14:54:34+00:00","dateModified":"2025-02-03T15:38:55+00:00","description":"Enjoy FOAM - photography museum with your Explore Pass - build your perfect itinerary and explore Amsterdam at your own pace.","breadcrumb":{"@id":"https:\/\/explore-pass.com\/pass\/foam\/#breadcrumb"},"inLanguage":"de","potentialAction":[{"@type":"ReadAction","target":["https:\/\/explore-pass.com\/pass\/foam\/"]}]},{"@type":"ImageObject","inLanguage":"de","@id":"https:\/\/explore-pass.com\/pass\/foam\/#primaryimage","url":"https:\/\/explore-pass.com\/wp-content\/uploads\/2022\/08\/Foam-copy.jpg","contentUrl":"https:\/\/explore-pass.com\/wp-content\/uploads\/2022\/08\/Foam-copy.jpg","width":1600,"height":900,"caption":"Foam Amsterdam"},{"@type":"BreadcrumbList","@id":"https:\/\/explore-pass.com\/pass\/foam\/#breadcrumb","itemListElement":[{"@type":"ListItem","position":1,"name":"Home","item":"https:\/\/explore-pass.com\/en\/"},{"@type":"ListItem","position":2,"name":"Shop","item":"https:\/\/explore-pass.com\/shop\/"},{"@type":"ListItem","position":3,"name":"FOAM"}]},{"@type":"WebSite","@id":"https:\/\/explore-pass.com\/es\/#website","url":"https:\/\/explore-pass.com\/es\/","name":"Explore Pass","description":"See the Best for Less","publisher":{"@id":"https:\/\/explore-pass.com\/es\/#organization"},"potentialAction":[{"@type":"SearchAction","target":{"@type":"EntryPoint","urlTemplate":"https:\/\/explore-pass.com\/es\/?s={search_term_string}"},"query-input":{"@type":"PropertyValueSpecification","valueRequired":true,"valueName":"search_term_string"}}],"inLanguage":"de"},{"@type":"Organization","@id":"https:\/\/explore-pass.com\/es\/#organization","name":"Explore Pass","url":"https:\/\/explore-pass.com\/es\/","logo":{"@type":"ImageObject","inLanguage":"de","@id":"https:\/\/explore-pass.com\/es\/#\/schema\/logo\/image\/","url":"https:\/\/explore-pass.com\/wp-content\/uploads\/2022\/07\/Logo-black-with-background.png","contentUrl":"https:\/\/explore-pass.com\/wp-content\/uploads\/2022\/07\/Logo-black-with-background.png","width":1340,"height":615,"caption":"Explore Pass"},"image":{"@id":"https:\/\/explore-pass.com\/es\/#\/schema\/logo\/image\/"},"sameAs":["https:\/\/www.instagram.com\/explorepassofficial\/","https:\/\/www.tiktok.com\/@explorepass"]}]}},"_links":{"self":[{"href":"https:\/\/explore-pass.com\/de\/wp-json\/wp\/v2\/product\/3176"}],"collection":[{"href":"https:\/\/explore-pass.com\/de\/wp-json\/wp\/v2\/product"}],"about":[{"href":"https:\/\/explore-pass.com\/de\/wp-json\/wp\/v2\/types\/product"}],"wp:featuredmedia":[{"embeddable":true,"href":"https:\/\/explore-pass.com\/de\/wp-json\/wp\/v2\/media\/3177"}],"wp:attachment":[{"href":"https:\/\/explore-pass.com\/de\/wp-json\/wp\/v2\/media?parent=3176"}],"wp:term":[{"taxonomy":"product_cat","embeddable":true,"href":"https:\/\/explore-pass.com\/de\/wp-json\/wp\/v2\/product_cat?post=3176"},{"taxonomy":"product_tag","embeddable":true,"href":"https:\/\/explore-pass.com\/de\/wp-json\/wp\/v2\/product_tag?post=3176"}],"curies":[{"name":"wp","href":"https:\/\/api.w.org\/{rel}","templated":true}]}}