{"id":3145,"date":"2022-08-03T13:45:02","date_gmt":"2022-08-03T13:45:02","guid":{"rendered":"https:\/\/tgi.openpass.co.uk\/?post_type=product&#038;p=3145"},"modified":"2024-03-13T10:48:10","modified_gmt":"2024-03-13T10:48:10","slug":"amsterdam-1hr-canal-cruise","status":"publish","type":"product","link":"https:\/\/explore-pass.com\/de\/pass\/amsterdam-1hr-canal-cruise\/","title":{"rendered":"<p>1-st\u00fcndige Grachtenfahrt<\/p>"},"content":{"rendered":"<p>Waren Sie \u00fcberhaupt in Amsterdam, wenn Sie nicht auf einer Grachtenrundfahrt mitgefahren sind? Einige der besten Aussichten auf die Stadt haben Sie bei einer Grachtenrundfahrt. LOVERS Canal Cruises f\u00fchrt Sie durch das wahre Wesen der Stadt und kreuzt die ber\u00fchmtesten Wasserwege, die Amsterdams Identit\u00e4t ausmachen.<p>Lernen Sie Amsterdam kennen, indem Sie durch die zum Weltkulturerbe geh\u00f6renden Grachten fahren und einige der wichtigsten Sehensw\u00fcrdigkeiten und Stadtteile entdecken. Genie\u00dfen Sie die Kaufmannsh\u00e4user, gotischen Kirchen und Museen vom Komfort Ihres klimatisierten LOVERS-Boots aus.<\/p><p>Weitere Informationen und \u00d6ffnungszeiten finden Sie unter <a href=\"https:\/\/www.lovers.nl\/en\/\">lovers.nl<\/a><\/p><\/p>","protected":false},"excerpt":{"rendered":"<p>Erkunden Sie diese lebendige Stadt aus einer anderen Perspektive und entspannen Sie sich, w\u00e4hrend Sie durch die sch\u00f6nen Kan\u00e4le und vorbei an den ikonischen Sehensw\u00fcrdigkeiten fahren.<\/p>","protected":false},"featured_media":7072,"template":"","meta":{"_acf_changed":false,"_monsterinsights_skip_tracking":false,"_monsterinsights_sitenote_active":false,"_monsterinsights_sitenote_note":"","_monsterinsights_sitenote_category":0},"product_cat":[26,35,39],"product_tag":[34],"class_list":{"0":"post-3145","1":"product","2":"type-product","3":"status-publish","4":"has-post-thumbnail","6":"product_cat-attraction-amsterdam-pass","7":"product_cat-cruise","8":"product_cat-family-friendly","9":"product_tag-amsterdam","11":"first","12":"instock","13":"shipping-taxable","14":"product-type-simple"},"acf":[],"yoast_head":"<!-- This site is optimized with the Yoast SEO plugin v23.8 - https:\/\/yoast.com\/wordpress\/plugins\/seo\/ -->\n<title>1hr Canal Cruise Amsterdam<\/title>\n<meta name=\"description\" content=\"Enjoy a Canal Cruise in Amsterdam with your Explore Pass - build your perfect itinerary and explore Amsterdam at your own pace.\" \/>\n<meta name=\"robots\" content=\"index, follow, max-snippet:-1, max-image-preview:large, max-video-preview:-1\" \/>\n<link rel=\"canonical\" href=\"https:\/\/explore-pass.com\/de\/pass\/amsterdam-1hr-canal-cruise\/\" \/>\n<meta property=\"og:locale\" content=\"de_DE\" \/>\n<meta property=\"og:type\" content=\"article\" \/>\n<meta property=\"og:title\" content=\"1hr Canal Cruise Amsterdam\" \/>\n<meta property=\"og:description\" content=\"Enjoy a Canal Cruise in Amsterdam with your Explore Pass - build your perfect itinerary and explore Amsterdam at your own pace.\" \/>\n<meta property=\"og:url\" content=\"https:\/\/explore-pass.com\/de\/pass\/amsterdam-1hr-canal-cruise\/\" \/>\n<meta property=\"og:site_name\" content=\"Explore Pass\" \/>\n<meta property=\"article:modified_time\" content=\"2024-03-13T10:48:10+00:00\" \/>\n<meta property=\"og:image\" content=\"https:\/\/explore-pass.com\/wp-content\/uploads\/2024\/02\/compressed-jpg.webp\" \/>\n\t<meta property=\"og:image:width\" content=\"1500\" \/>\n\t<meta property=\"og:image:height\" content=\"1000\" \/>\n\t<meta property=\"og:image:type\" content=\"image\/jpeg\" \/>\n<meta name=\"twitter:card\" content=\"summary_large_image\" \/>\n<meta name=\"twitter:label1\" content=\"Gesch\u00e4tzte Lesezeit\" \/>\n\t<meta name=\"twitter:data1\" content=\"1\u00a0Minute\" \/>\n<script type=\"application\/ld+json\" class=\"yoast-schema-graph\">{\"@context\":\"https:\/\/schema.org\",\"@graph\":[{\"@type\":\"WebPage\",\"@id\":\"https:\/\/explore-pass.com\/pass\/amsterdam-1hr-canal-cruise\/\",\"url\":\"https:\/\/explore-pass.com\/pass\/amsterdam-1hr-canal-cruise\/\",\"name\":\"1hr Canal Cruise Amsterdam\",\"isPartOf\":{\"@id\":\"https:\/\/explore-pass.com\/es\/#website\"},\"primaryImageOfPage\":{\"@id\":\"https:\/\/explore-pass.com\/pass\/amsterdam-1hr-canal-cruise\/#primaryimage\"},\"image\":{\"@id\":\"https:\/\/explore-pass.com\/pass\/amsterdam-1hr-canal-cruise\/#primaryimage\"},\"thumbnailUrl\":\"https:\/\/explore-pass.com\/wp-content\/uploads\/2024\/02\/compressed-jpg.webp\",\"datePublished\":\"2022-08-03T13:45:02+00:00\",\"dateModified\":\"2024-03-13T10:48:10+00:00\",\"description\":\"Enjoy a Canal Cruise in Amsterdam with your Explore Pass - build your perfect itinerary and explore Amsterdam at your own pace.\",\"breadcrumb\":{\"@id\":\"https:\/\/explore-pass.com\/pass\/amsterdam-1hr-canal-cruise\/#breadcrumb\"},\"inLanguage\":\"de\",\"potentialAction\":[{\"@type\":\"ReadAction\",\"target\":[\"https:\/\/explore-pass.com\/pass\/amsterdam-1hr-canal-cruise\/\"]}]},{\"@type\":\"ImageObject\",\"inLanguage\":\"de\",\"@id\":\"https:\/\/explore-pass.com\/pass\/amsterdam-1hr-canal-cruise\/#primaryimage\",\"url\":\"https:\/\/explore-pass.com\/wp-content\/uploads\/2024\/02\/compressed-jpg.webp\",\"contentUrl\":\"https:\/\/explore-pass.com\/wp-content\/uploads\/2024\/02\/compressed-jpg.webp\",\"width\":1500,\"height\":1000},{\"@type\":\"BreadcrumbList\",\"@id\":\"https:\/\/explore-pass.com\/pass\/amsterdam-1hr-canal-cruise\/#breadcrumb\",\"itemListElement\":[{\"@type\":\"ListItem\",\"position\":1,\"name\":\"Home\",\"item\":\"https:\/\/explore-pass.com\/en\/\"},{\"@type\":\"ListItem\",\"position\":2,\"name\":\"Shop\",\"item\":\"https:\/\/explore-pass.com\/shop\/\"},{\"@type\":\"ListItem\",\"position\":3,\"name\":\"1hr Canal Cruise\"}]},{\"@type\":\"WebSite\",\"@id\":\"https:\/\/explore-pass.com\/es\/#website\",\"url\":\"https:\/\/explore-pass.com\/es\/\",\"name\":\"Explore Pass\",\"description\":\"See the Best for Less\",\"publisher\":{\"@id\":\"https:\/\/explore-pass.com\/es\/#organization\"},\"potentialAction\":[{\"@type\":\"SearchAction\",\"target\":{\"@type\":\"EntryPoint\",\"urlTemplate\":\"https:\/\/explore-pass.com\/es\/?s={search_term_string}\"},\"query-input\":{\"@type\":\"PropertyValueSpecification\",\"valueRequired\":true,\"valueName\":\"search_term_string\"}}],\"inLanguage\":\"de\"},{\"@type\":\"Organization\",\"@id\":\"https:\/\/explore-pass.com\/es\/#organization\",\"name\":\"Explore Pass\",\"url\":\"https:\/\/explore-pass.com\/es\/\",\"logo\":{\"@type\":\"ImageObject\",\"inLanguage\":\"de\",\"@id\":\"https:\/\/explore-pass.com\/es\/#\/schema\/logo\/image\/\",\"url\":\"https:\/\/explore-pass.com\/wp-content\/uploads\/2022\/07\/Logo-black-with-background.png\",\"contentUrl\":\"https:\/\/explore-pass.com\/wp-content\/uploads\/2022\/07\/Logo-black-with-background.png\",\"width\":1340,\"height\":615,\"caption\":\"Explore Pass\"},\"image\":{\"@id\":\"https:\/\/explore-pass.com\/es\/#\/schema\/logo\/image\/\"},\"sameAs\":[\"https:\/\/www.instagram.com\/explorepassofficial\/\",\"https:\/\/www.tiktok.com\/@explorepass\"]}]}<\/script>\n<!-- \/ Yoast SEO plugin. -->","yoast_head_json":{"title":"1hr Canal Cruise Amsterdam","description":"Enjoy a Canal Cruise in Amsterdam with your Explore Pass - build your perfect itinerary and explore Amsterdam at your own pace.","robots":{"index":"index","follow":"follow","max-snippet":"max-snippet:-1","max-image-preview":"max-image-preview:large","max-video-preview":"max-video-preview:-1"},"canonical":"https:\/\/explore-pass.com\/de\/pass\/amsterdam-1hr-canal-cruise\/","og_locale":"de_DE","og_type":"article","og_title":"1hr Canal Cruise Amsterdam","og_description":"Enjoy a Canal Cruise in Amsterdam with your Explore Pass - build your perfect itinerary and explore Amsterdam at your own pace.","og_url":"https:\/\/explore-pass.com\/de\/pass\/amsterdam-1hr-canal-cruise\/","og_site_name":"Explore Pass","article_modified_time":"2024-03-13T10:48:10+00:00","og_image":[{"width":1500,"height":1000,"url":"https:\/\/explore-pass.com\/wp-content\/uploads\/2024\/02\/compressed-jpg.webp","type":"image\/jpeg"}],"twitter_card":"summary_large_image","twitter_misc":{"Gesch\u00e4tzte Lesezeit":"1\u00a0Minute"},"schema":{"@context":"https:\/\/schema.org","@graph":[{"@type":"WebPage","@id":"https:\/\/explore-pass.com\/pass\/amsterdam-1hr-canal-cruise\/","url":"https:\/\/explore-pass.com\/pass\/amsterdam-1hr-canal-cruise\/","name":"1hr Canal Cruise Amsterdam","isPartOf":{"@id":"https:\/\/explore-pass.com\/es\/#website"},"primaryImageOfPage":{"@id":"https:\/\/explore-pass.com\/pass\/amsterdam-1hr-canal-cruise\/#primaryimage"},"image":{"@id":"https:\/\/explore-pass.com\/pass\/amsterdam-1hr-canal-cruise\/#primaryimage"},"thumbnailUrl":"https:\/\/explore-pass.com\/wp-content\/uploads\/2024\/02\/compressed-jpg.webp","datePublished":"2022-08-03T13:45:02+00:00","dateModified":"2024-03-13T10:48:10+00:00","description":"Enjoy a Canal Cruise in Amsterdam with your Explore Pass - build your perfect itinerary and explore Amsterdam at your own pace.","breadcrumb":{"@id":"https:\/\/explore-pass.com\/pass\/amsterdam-1hr-canal-cruise\/#breadcrumb"},"inLanguage":"de","potentialAction":[{"@type":"ReadAction","target":["https:\/\/explore-pass.com\/pass\/amsterdam-1hr-canal-cruise\/"]}]},{"@type":"ImageObject","inLanguage":"de","@id":"https:\/\/explore-pass.com\/pass\/amsterdam-1hr-canal-cruise\/#primaryimage","url":"https:\/\/explore-pass.com\/wp-content\/uploads\/2024\/02\/compressed-jpg.webp","contentUrl":"https:\/\/explore-pass.com\/wp-content\/uploads\/2024\/02\/compressed-jpg.webp","width":1500,"height":1000},{"@type":"BreadcrumbList","@id":"https:\/\/explore-pass.com\/pass\/amsterdam-1hr-canal-cruise\/#breadcrumb","itemListElement":[{"@type":"ListItem","position":1,"name":"Home","item":"https:\/\/explore-pass.com\/en\/"},{"@type":"ListItem","position":2,"name":"Shop","item":"https:\/\/explore-pass.com\/shop\/"},{"@type":"ListItem","position":3,"name":"1hr Canal Cruise"}]},{"@type":"WebSite","@id":"https:\/\/explore-pass.com\/es\/#website","url":"https:\/\/explore-pass.com\/es\/","name":"Explore Pass","description":"See the Best for Less","publisher":{"@id":"https:\/\/explore-pass.com\/es\/#organization"},"potentialAction":[{"@type":"SearchAction","target":{"@type":"EntryPoint","urlTemplate":"https:\/\/explore-pass.com\/es\/?s={search_term_string}"},"query-input":{"@type":"PropertyValueSpecification","valueRequired":true,"valueName":"search_term_string"}}],"inLanguage":"de"},{"@type":"Organization","@id":"https:\/\/explore-pass.com\/es\/#organization","name":"Explore Pass","url":"https:\/\/explore-pass.com\/es\/","logo":{"@type":"ImageObject","inLanguage":"de","@id":"https:\/\/explore-pass.com\/es\/#\/schema\/logo\/image\/","url":"https:\/\/explore-pass.com\/wp-content\/uploads\/2022\/07\/Logo-black-with-background.png","contentUrl":"https:\/\/explore-pass.com\/wp-content\/uploads\/2022\/07\/Logo-black-with-background.png","width":1340,"height":615,"caption":"Explore Pass"},"image":{"@id":"https:\/\/explore-pass.com\/es\/#\/schema\/logo\/image\/"},"sameAs":["https:\/\/www.instagram.com\/explorepassofficial\/","https:\/\/www.tiktok.com\/@explorepass"]}]}},"_links":{"self":[{"href":"https:\/\/explore-pass.com\/de\/wp-json\/wp\/v2\/product\/3145"}],"collection":[{"href":"https:\/\/explore-pass.com\/de\/wp-json\/wp\/v2\/product"}],"about":[{"href":"https:\/\/explore-pass.com\/de\/wp-json\/wp\/v2\/types\/product"}],"wp:featuredmedia":[{"embeddable":true,"href":"https:\/\/explore-pass.com\/de\/wp-json\/wp\/v2\/media\/7072"}],"wp:attachment":[{"href":"https:\/\/explore-pass.com\/de\/wp-json\/wp\/v2\/media?parent=3145"}],"wp:term":[{"taxonomy":"product_cat","embeddable":true,"href":"https:\/\/explore-pass.com\/de\/wp-json\/wp\/v2\/product_cat?post=3145"},{"taxonomy":"product_tag","embeddable":true,"href":"https:\/\/explore-pass.com\/de\/wp-json\/wp\/v2\/product_tag?post=3145"}],"curies":[{"name":"wp","href":"https:\/\/api.w.org\/{rel}","templated":true}]}}